{"id":681,"date":"2022-06-01T13:46:21","date_gmt":"2022-06-01T13:46:21","guid":{"rendered":"https:\/\/www.kalelisaft.com\/?page_id=681"},"modified":"2026-03-17T08:44:38","modified_gmt":"2026-03-17T08:44:38","slug":"kalite-politikamiz","status":"publish","type":"page","link":"https:\/\/www.kalelisaft.com\/en\/kalite-politikamiz\/","title":{"rendered":"QUALITY POLICY"},"content":{"rendered":"\t\t<div data-elementor-type=\"wp-page\" data-elementor-id=\"681\" class=\"elementor elementor-681\" data-elementor-settings=\"[]\">\n\t\t\t\t\t\t\t<div class=\"elementor-section-wrap\">\n\t\t\t\t\t\t\t<section class=\"elementor-section elementor-top-section elementor-element elementor-element-b6fae02 elementor-section-stretched elementor-section-boxed elementor-section-height-default elementor-section-height-default\" data-id=\"b6fae02\" data-element_type=\"section\" data-settings=\"{&quot;background_background&quot;:&quot;classic&quot;,&quot;stretch_section&quot;:&quot;section-stretched&quot;}\">\n\t\t\t\t\t\t<div class=\"elementor-container elementor-column-gap-default\">\n\t\t\t\t\t<div class=\"elementor-column elementor-col-50 elementor-top-column elementor-element elementor-element-30c62b8\" data-id=\"30c62b8\" data-element_type=\"column\">\n\t\t\t<div class=\"elementor-widget-wrap elementor-element-populated\">\n\t\t\t\t\t\t\t\t<div class=\"elementor-element elementor-element-11aeaf2 elementor-widget elementor-widget-heading\" data-id=\"11aeaf2\" data-element_type=\"widget\" data-widget_type=\"heading.default\">\n\t\t\t\t<div class=\"elementor-widget-container\">\n\t\t\t<style>\/*! elementor - v3.5.0 - 12-12-2021 *\/\n.elementor-heading-title{padding:0;margin:0;line-height:1}.elementor-widget-heading .elementor-heading-title[class*=elementor-size-]>a{color:inherit;font-size:inherit;line-height:inherit}.elementor-widget-heading .elementor-heading-title.elementor-size-small{font-size:15px}.elementor-widget-heading .elementor-heading-title.elementor-size-medium{font-size:19px}.elementor-widget-heading .elementor-heading-title.elementor-size-large{font-size:29px}.elementor-widget-heading .elementor-heading-title.elementor-size-xl{font-size:39px}.elementor-widget-heading .elementor-heading-title.elementor-size-xxl{font-size:59px}<\/style><h4 class=\"elementor-heading-title elementor-size-default\">Kalite Politikam\u0131z<\/h4>\t\t<\/div>\n\t\t\t\t<\/div>\n\t\t\t\t\t<\/div>\n\t\t<\/div>\n\t\t\t\t<div class=\"elementor-column elementor-col-50 elementor-top-column elementor-element elementor-element-18ebfe7\" data-id=\"18ebfe7\" data-element_type=\"column\">\n\t\t\t<div class=\"elementor-widget-wrap\">\n\t\t\t\t\t\t\t\t\t<\/div>\n\t\t<\/div>\n\t\t\t\t\t\t\t<\/div>\n\t\t<\/section>\n\t\t\t\t<section class=\"elementor-section elementor-top-section elementor-element elementor-element-ab71d60 elementor-section-boxed elementor-section-height-default elementor-section-height-default\" data-id=\"ab71d60\" data-element_type=\"section\">\n\t\t\t\t\t\t<div class=\"elementor-container elementor-column-gap-default\">\n\t\t\t\t\t<div class=\"elementor-column elementor-col-100 elementor-top-column elementor-element elementor-element-15dfa6e\" data-id=\"15dfa6e\" data-element_type=\"column\">\n\t\t\t<div class=\"elementor-widget-wrap elementor-element-populated\">\n\t\t\t\t\t\t\t\t<section class=\"elementor-section elementor-inner-section elementor-element elementor-element-9fae25c elementor-section-boxed elementor-section-height-default elementor-section-height-default\" data-id=\"9fae25c\" data-element_type=\"section\">\n\t\t\t\t\t\t<div class=\"elementor-container elementor-column-gap-default\">\n\t\t\t\t\t<div class=\"elementor-column elementor-col-50 elementor-inner-column elementor-element elementor-element-9d697c3\" data-id=\"9d697c3\" data-element_type=\"column\">\n\t\t\t<div class=\"elementor-widget-wrap elementor-element-populated\">\n\t\t\t\t\t\t\t\t<div class=\"elementor-element elementor-element-7190dda elementor-invisible elementor-widget elementor-widget-heading\" data-id=\"7190dda\" data-element_type=\"widget\" data-settings=\"{&quot;_animation&quot;:&quot;fadeInUp&quot;}\" data-widget_type=\"heading.default\">\n\t\t\t\t<div class=\"elementor-widget-container\">\n\t\t\t<h6 class=\"elementor-heading-title elementor-size-default\">Kurumsal<\/h6>\t\t<\/div>\n\t\t\t\t<\/div>\n\t\t\t\t<div class=\"elementor-element elementor-element-c69f5a5 elementor-widget-divider--separator-type-pattern elementor-widget-divider--no-spacing elementor-widget-divider--view-line elementor-widget elementor-widget-divider\" data-id=\"c69f5a5\" data-element_type=\"widget\" data-widget_type=\"divider.default\">\n\t\t\t\t<div class=\"elementor-widget-container\">\n\t\t\t<style>\/*! elementor - v3.5.0 - 12-12-2021 *\/\n.elementor-widget-divider{--divider-border-style:none;--divider-border-width:1px;--divider-color:#2c2c2c;--divider-icon-size:20px;--divider-element-spacing:10px;--divider-pattern-height:24px;--divider-pattern-size:20px;--divider-pattern-url:none;--divider-pattern-repeat:repeat-x}.elementor-widget-divider .elementor-divider{display:-webkit-box;display:-ms-flexbox;display:flex}.elementor-widget-divider .elementor-divider__text{font-size:15px;line-height:1;max-width:95%}.elementor-widget-divider .elementor-divider__element{margin:0 var(--divider-element-spacing);-ms-flex-negative:0;flex-shrink:0}.elementor-widget-divider .elementor-icon{font-size:var(--divider-icon-size)}.elementor-widget-divider .elementor-divider-separator{display:-webkit-box;display:-ms-flexbox;display:flex;margin:0;direction:ltr}.elementor-widget-divider--view-line_icon .elementor-divider-separator,.elementor-widget-divider--view-line_text .elementor-divider-separator{-webkit-box-align:center;-ms-flex-align:center;align-items:center}.elementor-widget-divider--view-line_icon .elementor-divider-separator:after,.elementor-widget-divider--view-line_icon .elementor-divider-separator:before,.elementor-widget-divider--view-line_text .elementor-divider-separator:after,.elementor-widget-divider--view-line_text .elementor-divider-separator:before{display:block;content:\"\";border-bottom:0;-webkit-box-flex:1;-ms-flex-positive:1;flex-grow:1;border-top:var(--divider-border-width) var(--divider-border-style) var(--divider-color)}.elementor-widget-divider--element-align-left .elementor-divider .elementor-divider-separator>.elementor-divider__svg:first-of-type{-webkit-box-flex:0;-ms-flex-positive:0;flex-grow:0;-ms-flex-negative:100;flex-shrink:100}.elementor-widget-divider--element-align-left .elementor-divider-separator:before{content:none}.elementor-widget-divider--element-align-left .elementor-divider__element{margin-left:0}.elementor-widget-divider--element-align-right .elementor-divider .elementor-divider-separator>.elementor-divider__svg:last-of-type{-webkit-box-flex:0;-ms-flex-positive:0;flex-grow:0;-ms-flex-negative:100;flex-shrink:100}.elementor-widget-divider--element-align-right .elementor-divider-separator:after{content:none}.elementor-widget-divider--element-align-right .elementor-divider__element{margin-right:0}.elementor-widget-divider:not(.elementor-widget-divider--view-line_text):not(.elementor-widget-divider--view-line_icon) .elementor-divider-separator{border-top:var(--divider-border-width) var(--divider-border-style) var(--divider-color)}.elementor-widget-divider--separator-type-pattern{--divider-border-style:none}.elementor-widget-divider--separator-type-pattern.elementor-widget-divider--view-line .elementor-divider-separator,.elementor-widget-divider--separator-type-pattern:not(.elementor-widget-divider--view-line) .elementor-divider-separator:after,.elementor-widget-divider--separator-type-pattern:not(.elementor-widget-divider--view-line) .elementor-divider-separator:before,.elementor-widget-divider--separator-type-pattern:not([class*=elementor-widget-divider--view]) .elementor-divider-separator{width:100%;min-height:var(--divider-pattern-height);-webkit-mask-size:var(--divider-pattern-size) 100%;mask-size:var(--divider-pattern-size) 100%;-webkit-mask-repeat:var(--divider-pattern-repeat);mask-repeat:var(--divider-pattern-repeat);background-color:var(--divider-color);-webkit-mask-image:var(--divider-pattern-url);mask-image:var(--divider-pattern-url)}.elementor-widget-divider--no-spacing{--divider-pattern-size:auto}.elementor-widget-divider--bg-round{--divider-pattern-repeat:round}.rtl .elementor-widget-divider .elementor-divider__text{direction:rtl}<\/style>\t\t<div class=\"elementor-divider\" style=\"--divider-pattern-url: url(&quot;data:image\/svg+xml,%3Csvg xmlns=&#039;http:\/\/www.w3.org\/2000\/svg&#039; preserveAspectRatio=&#039;none&#039; overflow=&#039;visible&#039; height=&#039;100%&#039; viewBox=&#039;0 0 24 24&#039; fill=&#039;black&#039; stroke=&#039;none&#039;%3E%3Cpath d=&#039;M24,8v12H0V8H24z M24,4v1H0V4H24z&#039;\/%3E%3C\/svg%3E&quot;);\">\n\t\t\t<span class=\"elementor-divider-separator\">\n\t\t\t\t\t\t<\/span>\n\t\t<\/div>\n\t\t\t\t<\/div>\n\t\t\t\t<\/div>\n\t\t\t\t<div class=\"elementor-element elementor-element-1708d74 elementor-invisible elementor-widget elementor-widget-heading\" data-id=\"1708d74\" data-element_type=\"widget\" data-settings=\"{&quot;_animation&quot;:&quot;fadeInUp&quot;,&quot;_animation_delay&quot;:60}\" data-widget_type=\"heading.default\">\n\t\t\t\t<div class=\"elementor-widget-container\">\n\t\t\t<h3 class=\"elementor-heading-title elementor-size-default\">Kalite Politikam\u0131z<\/h3>\t\t<\/div>\n\t\t\t\t<\/div>\n\t\t\t\t<div class=\"elementor-element elementor-element-4518cf2 elementor-widget-divider--separator-type-pattern elementor-widget-divider--view-line elementor-widget elementor-widget-divider\" data-id=\"4518cf2\" data-element_type=\"widget\" data-widget_type=\"divider.default\">\n\t\t\t\t<div class=\"elementor-widget-container\">\n\t\t\t\t\t<div class=\"elementor-divider\" style=\"--divider-pattern-url: url(&quot;data:image\/svg+xml,%3Csvg xmlns=&#039;http:\/\/www.w3.org\/2000\/svg&#039; preserveAspectRatio=&#039;none&#039; overflow=&#039;visible&#039; height=&#039;100%&#039; viewBox=&#039;0 0 24 24&#039; fill=&#039;black&#039; stroke=&#039;none&#039;%3E%3Cpolygon points=&#039;9.4,2 24,2 14.6,21.6 0,21.6&#039;\/%3E%3C\/svg%3E&quot;);\">\n\t\t\t<span class=\"elementor-divider-separator\">\n\t\t\t\t\t\t<\/span>\n\t\t<\/div>\n\t\t\t\t<\/div>\n\t\t\t\t<\/div>\n\t\t\t\t<div class=\"elementor-element elementor-element-eaccd57 elementor-invisible elementor-widget elementor-widget-text-editor\" data-id=\"eaccd57\" data-element_type=\"widget\" data-settings=\"{&quot;_animation&quot;:&quot;fadeInUp&quot;,&quot;_animation_delay&quot;:220}\" data-widget_type=\"text-editor.default\">\n\t\t\t\t<div class=\"elementor-widget-container\">\n\t\t\t<style>\/*! elementor - v3.5.0 - 12-12-2021 *\/\n.elementor-widget-text-editor.elementor-drop-cap-view-stacked .elementor-drop-cap{background-color:#818a91;color:#fff}.elementor-widget-text-editor.elementor-drop-cap-view-framed .elementor-drop-cap{color:#818a91;border:3px solid;background-color:transparent}.elementor-widget-text-editor:not(.elementor-drop-cap-view-default) .elementor-drop-cap{margin-top:8px}.elementor-widget-text-editor:not(.elementor-drop-cap-view-default) .elementor-drop-cap-letter{width:1em;height:1em}.elementor-widget-text-editor .elementor-drop-cap{float:left;text-align:center;line-height:1;font-size:50px}.elementor-widget-text-editor .elementor-drop-cap-letter{display:inline-block}<\/style>\t\t\t\t<p class=\"MsoNormal\" style=\"text-align:justify;line-height:150%\"><span style=\"font-family:&quot;Calibri&quot;,sans-serif;mso-ascii-theme-font:minor-latin;\nmso-hansi-theme-font:minor-latin;mso-bidi-theme-font:minor-latin\">Tar\u0131m\nmakineleri ba\u015fta olmak \u00fczere farkl\u0131 sekt\u00f6rler i\u00e7in metal par\u00e7a \u00fcretimi ve\nhassas tala\u015fl\u0131 imalat alan\u0131nda faaliyet g\u00f6stermekteyiz. Sahip oldu\u011fumuz deneyim\nve teknik kabiliyet ile m\u00fc\u015fterilerimize g\u00fcvenilir, kaliteli ve zaman\u0131nda \u00fcretim\nsunmaktay\u0131z.<\/span> <span style=\"font-family:&quot;Calibri&quot;,sans-serif;mso-ascii-theme-font:\nminor-latin;mso-hansi-theme-font:minor-latin;mso-bidi-theme-font:minor-latin\">\u00dcretim\nkapasitemizi ve altyap\u0131m\u0131z\u0131 s\u00fcrekli geli\u015ftirerek de\u011fi\u015fen k\u00fcresel ve teknolojik\nko\u015fullara uyum sa\u011flayabilen g\u00fc\u00e7l\u00fc bir \u00fcretim yap\u0131s\u0131na ula\u015fmay\u0131 hedeflemekteyiz.\nBu do\u011frultuda;<o:p><\/o:p><\/span><\/p><ul style=\"margin-top:0cm\" type=\"disc\">\n <li class=\"MsoNormal\" style=\"text-align:justify;line-height:150%;mso-list:l0 level1 lfo1;\n     tab-stops:list 36.0pt\"><span style=\"font-family:&quot;Calibri&quot;,sans-serif;\n     mso-ascii-theme-font:minor-latin;mso-hansi-theme-font:minor-latin;\n     mso-bidi-theme-font:minor-latin\">ISO 9001:2015 kalite y\u00f6netim sistemi\n     \u015fartlar\u0131na uymay\u0131, sistemimizi s\u00fcrekli geli\u015ftirmeyi ve etkinli\u011fini\n     art\u0131rmay\u0131,<o:p><\/o:p><\/span><\/li>\n <li class=\"MsoNormal\" style=\"text-align:justify;line-height:150%;mso-list:l0 level1 lfo1;\n     tab-stops:list 36.0pt\"><span style=\"font-family:&quot;Calibri&quot;,sans-serif;\n     mso-ascii-theme-font:minor-latin;mso-hansi-theme-font:minor-latin;\n     mso-bidi-theme-font:minor-latin\">Yasal ve di\u011fer uygulanabilir \u015fartlara\n     uymay\u0131,<o:p><\/o:p><\/span><\/li>\n <li class=\"MsoNormal\" style=\"text-align:justify;line-height:150%;mso-list:l0 level1 lfo1;\n     tab-stops:list 36.0pt\"><span style=\"font-family:&quot;Calibri&quot;,sans-serif;\n     mso-ascii-theme-font:minor-latin;mso-hansi-theme-font:minor-latin;\n     mso-bidi-theme-font:minor-latin\">M\u00fc\u015fteri beklentilerini kar\u015f\u0131layan\n     kaliteli \u00fcr\u00fcnleri zaman\u0131nda teslim etmeyi,<o:p><\/o:p><\/span><\/li>\n <li class=\"MsoNormal\" style=\"text-align:justify;line-height:150%;mso-list:l0 level1 lfo1;\n     tab-stops:list 36.0pt\"><span style=\"font-family:&quot;Calibri&quot;,sans-serif;\n     mso-ascii-theme-font:minor-latin;mso-hansi-theme-font:minor-latin;\n     mso-bidi-theme-font:minor-latin\">G\u00fcvenilir bir tedarik\u00e7i olarak m\u00fc\u015fteri\n     memnuniyetini en \u00fcst d\u00fczeyde tutmay\u0131,<o:p><\/o:p><\/span><\/li>\n <li class=\"MsoNormal\" style=\"text-align:justify;line-height:150%;mso-list:l0 level1 lfo1;\n     tab-stops:list 36.0pt\"><span style=\"font-family:&quot;Calibri&quot;,sans-serif;\n     mso-ascii-theme-font:minor-latin;mso-hansi-theme-font:minor-latin;\n     mso-bidi-theme-font:minor-latin\">\u00dcretim s\u00fcre\u00e7lerimizi etkin, verimli ve\n     kontroll\u00fc \u015fekilde y\u00f6netmeyi,<o:p><\/o:p><\/span><\/li>\n <li class=\"MsoNormal\" style=\"text-align:justify;line-height:150%;mso-list:l0 level1 lfo1;\n     tab-stops:list 36.0pt\"><span style=\"font-family:&quot;Calibri&quot;,sans-serif;\n     mso-ascii-theme-font:minor-latin;mso-hansi-theme-font:minor-latin;\n     mso-bidi-theme-font:minor-latin\">S\u00fcre\u00e7 hedeflerinin \u00e7al\u0131\u015fanlar taraf\u0131ndan\n     anla\u015f\u0131lmas\u0131n\u0131 sa\u011flamay\u0131,<o:p><\/o:p><\/span><\/li>\n <li class=\"MsoNormal\" style=\"text-align:justify;line-height:150%;mso-list:l0 level1 lfo1;\n     tab-stops:list 36.0pt\"><span style=\"font-family:&quot;Calibri&quot;,sans-serif;\n     mso-ascii-theme-font:minor-latin;mso-hansi-theme-font:minor-latin;\n     mso-bidi-theme-font:minor-latin\">\u00c7al\u0131\u015fanlar\u0131m\u0131z\u0131n kat\u0131l\u0131m\u0131n\u0131 sa\u011flayarak\n     kalite bilincini geli\u015ftirmeyi,<o:p><\/o:p><\/span><\/li>\n <li class=\"MsoNormal\" style=\"text-align:justify;line-height:150%;mso-list:l0 level1 lfo1;\n     tab-stops:list 36.0pt\"><span style=\"font-family:&quot;Calibri&quot;,sans-serif;\n     mso-ascii-theme-font:minor-latin;mso-hansi-theme-font:minor-latin;\n     mso-bidi-theme-font:minor-latin\">\u00c7al\u0131\u015fanlara sa\u011fl\u0131kl\u0131 ve g\u00fcvenli bir\n     \u00e7al\u0131\u015fma ortam\u0131 sunmay\u0131 ve i\u015f sa\u011fl\u0131\u011f\u0131 ve g\u00fcvenli\u011fini en \u00fcst d\u00fczeyde\n     tutmay\u0131,<o:p><\/o:p><\/span><\/li>\n <li class=\"MsoNormal\" style=\"text-align:justify;line-height:150%;mso-list:l0 level1 lfo1;\n     tab-stops:list 36.0pt\"><span style=\"font-family:&quot;Calibri&quot;,sans-serif;\n     mso-ascii-theme-font:minor-latin;mso-hansi-theme-font:minor-latin;\n     mso-bidi-theme-font:minor-latin\">\u0130\u015f sa\u011fl\u0131\u011f\u0131 ve g\u00fcvenli\u011fi konusunda \u00e7al\u0131\u015fan\n     fark\u0131ndal\u0131\u011f\u0131n\u0131 art\u0131rarak i\u015f kazalar\u0131n\u0131 \u00f6nlemeyi,<o:p><\/o:p><\/span><\/li>\n <li class=\"MsoNormal\" style=\"text-align:justify;line-height:150%;mso-list:l0 level1 lfo1;\n     tab-stops:list 36.0pt\"><span style=\"font-family:&quot;Calibri&quot;,sans-serif;\n     mso-ascii-theme-font:minor-latin;mso-hansi-theme-font:minor-latin;\n     mso-bidi-theme-font:minor-latin\">\u00dcst y\u00f6netim olarak sistem performans\u0131n\u0131\n     ve uygunsuzluklar\u0131 d\u00fczenli olarak g\u00f6zden ge\u00e7irerek s\u00fcrekli iyile\u015ftirmeyi\n     sa\u011flamay\u0131,<o:p><\/o:p><\/span><\/li>\n <li class=\"MsoNormal\" style=\"text-align:justify;line-height:150%;mso-list:l0 level1 lfo1;\n     tab-stops:list 36.0pt\"><span style=\"font-family:&quot;Calibri&quot;,sans-serif;\n     mso-ascii-theme-font:minor-latin;mso-hansi-theme-font:minor-latin;\n     mso-bidi-theme-font:minor-latin\">Tedarik\u00e7ilerimizin performans\u0131n\u0131 s\u00fcrekli\n     izlemeyi ve geli\u015ftirmeyi,<o:p><\/o:p><\/span><\/li>\n <li class=\"MsoNormal\" style=\"text-align:justify;line-height:150%;mso-list:l0 level1 lfo1;\n     tab-stops:list 36.0pt\"><span style=\"font-family:&quot;Calibri&quot;,sans-serif;\n     mso-ascii-theme-font:minor-latin;mso-hansi-theme-font:minor-latin;\n     mso-bidi-theme-font:minor-latin\">Faaliyetlerimizi planlarken ve y\u00fcr\u00fct\u00fcrken\n     \u00e7evresel etkileri ve iklim de\u011fi\u015fikli\u011fi fakt\u00f6rlerini g\u00f6z \u00f6n\u00fcnde\n     bulundurmay\u0131,<o:p><\/o:p><\/span><\/li>\n <li class=\"MsoNormal\" style=\"text-align:justify;line-height:150%;mso-list:l0 level1 lfo1;\n     tab-stops:list 36.0pt\"><span style=\"font-family:&quot;Calibri&quot;,sans-serif;\n     mso-ascii-theme-font:minor-latin;mso-hansi-theme-font:minor-latin;\n     mso-bidi-theme-font:minor-latin\">Enerji ve do\u011fal kaynaklar\u0131 verimli\n     kullanarak \u00e7evresel s\u00fcrd\u00fcr\u00fclebilirli\u011fi desteklemeyi,<o:p><\/o:p><\/span><\/li>\n <li class=\"MsoNormal\" style=\"text-align:justify;line-height:150%;mso-list:l0 level1 lfo1;\n     tab-stops:list 36.0pt\"><span style=\"font-family:&quot;Calibri&quot;,sans-serif;\n     mso-ascii-theme-font:minor-latin;mso-hansi-theme-font:minor-latin;\n     mso-bidi-theme-font:minor-latin\">At\u0131k olu\u015fumunu azaltmay\u0131 ve geri d\u00f6n\u00fc\u015f\u00fcm\n     uygulamalar\u0131n\u0131 te\u015fvik etmeyi,<o:p><\/o:p><\/span><\/li>\n <li class=\"MsoNormal\" style=\"text-align:justify;line-height:150%;mso-list:l0 level1 lfo1;\n     tab-stops:list 36.0pt\"><span style=\"font-family:&quot;Calibri&quot;,sans-serif;\n     mso-ascii-theme-font:minor-latin;mso-hansi-theme-font:minor-latin;\n     mso-bidi-theme-font:minor-latin\">Teknolojik geli\u015fmeleri yak\u0131ndan takip\n     ederek \u00fcretim altyap\u0131m\u0131z\u0131 s\u00fcrekli iyile\u015ftirmeyi,<o:p><\/o:p><\/span><\/li>\n <li class=\"MsoNormal\" style=\"text-align:justify;line-height:150%;mso-list:l0 level1 lfo1;\n     tab-stops:list 36.0pt\"><span style=\"font-family:&quot;Calibri&quot;,sans-serif;\n     mso-ascii-theme-font:minor-latin;mso-hansi-theme-font:minor-latin;\n     mso-bidi-theme-font:minor-latin\">De\u011fi\u015fen k\u00fcresel, ekonomik ve teknolojik\n     ko\u015fullara h\u0131zl\u0131 uyum sa\u011flayarak \u00fcretim kabiliyetlerimizi ihtiya\u00e7lar\n     do\u011frultusunda esnek \u015fekilde y\u00f6nlendirebilmeyi<o:p><\/o:p><\/span><\/li>\n<\/ul><p>\n\n\n\n<\/p><p class=\"MsoNormal\" style=\"text-align:justify;line-height:150%\"><span style=\"font-family:&quot;Calibri&quot;,sans-serif;mso-ascii-theme-font:minor-latin;\nmso-hansi-theme-font:minor-latin;mso-bidi-theme-font:minor-latin\">taahh\u00fct\nederiz.<o:p><\/o:p><\/span><\/p>\t\t\t\t\t\t<\/div>\n\t\t\t\t<\/div>\n\t\t\t\t<div class=\"elementor-element elementor-element-a4c17d6 elementor-invisible elementor-widget elementor-widget-text-editor\" data-id=\"a4c17d6\" data-element_type=\"widget\" data-settings=\"{&quot;_animation&quot;:&quot;fadeInUp&quot;,&quot;_animation_delay&quot;:220}\" data-widget_type=\"text-editor.default\">\n\t\t\t\t<div class=\"elementor-widget-container\">\n\t\t\t\t\t\t\t\t\t\t\t\t\t<\/div>\n\t\t\t\t<\/div>\n\t\t\t\t\t<\/div>\n\t\t<\/div>\n\t\t\t\t<div class=\"elementor-column elementor-col-50 elementor-inner-column elementor-element elementor-element-ba78a5c\" data-id=\"ba78a5c\" data-element_type=\"column\">\n\t\t\t<div class=\"elementor-widget-wrap elementor-element-populated\">\n\t\t\t\t\t\t\t\t<div class=\"elementor-element elementor-element-ed46053 elementor-widget elementor-widget-image\" data-id=\"ed46053\" data-element_type=\"widget\" data-widget_type=\"image.default\">\n\t\t\t\t<div class=\"elementor-widget-container\">\n\t\t\t<style>\/*! elementor - v3.5.0 - 12-12-2021 *\/\n.elementor-widget-image{text-align:center}.elementor-widget-image a{display:inline-block}.elementor-widget-image a img[src$=\".svg\"]{width:48px}.elementor-widget-image img{vertical-align:middle;display:inline-block}<\/style>\t\t\t\t\t\t\t\t\t\t\t\t<img width=\"724\" height=\"1024\" src=\"https:\/\/www.kalelisaft.com\/wp-content\/uploads\/2025\/02\/Certificate-TR014444-Item-1-9JI24I8_page-0001-724x1024.jpg\" class=\"attachment-large size-large\" alt=\"\" loading=\"lazy\" srcset=\"https:\/\/www.kalelisaft.com\/wp-content\/uploads\/2025\/02\/Certificate-TR014444-Item-1-9JI24I8_page-0001-724x1024.jpg 724w, https:\/\/www.kalelisaft.com\/wp-content\/uploads\/2025\/02\/Certificate-TR014444-Item-1-9JI24I8_page-0001-212x300.jpg 212w, https:\/\/www.kalelisaft.com\/wp-content\/uploads\/2025\/02\/Certificate-TR014444-Item-1-9JI24I8_page-0001-768x1086.jpg 768w, https:\/\/www.kalelisaft.com\/wp-content\/uploads\/2025\/02\/Certificate-TR014444-Item-1-9JI24I8_page-0001-1086x1536.jpg 1086w, https:\/\/www.kalelisaft.com\/wp-content\/uploads\/2025\/02\/Certificate-TR014444-Item-1-9JI24I8_page-0001-1448x2048.jpg 1448w, https:\/\/www.kalelisaft.com\/wp-content\/uploads\/2025\/02\/Certificate-TR014444-Item-1-9JI24I8_page-0001-8x12.jpg 8w, https:\/\/www.kalelisaft.com\/wp-content\/uploads\/2025\/02\/Certificate-TR014444-Item-1-9JI24I8_page-0001-scaled.jpg 1810w\" sizes=\"(max-width: 724px) 100vw, 724px\" \/>\t\t\t\t\t\t\t\t\t\t\t\t\t\t\t<\/div>\n\t\t\t\t<\/div>\n\t\t\t\t\t<\/div>\n\t\t<\/div>\n\t\t\t\t\t\t\t<\/div>\n\t\t<\/section>\n\t\t\t\t\t<\/div>\n\t\t<\/div>\n\t\t\t\t\t\t\t<\/div>\n\t\t<\/section>\n\t\t\t\t\t\t<\/div>\n\t\t\t\t\t<\/div>\n\t\t","protected":false},"excerpt":{"rendered":"<p>Kalite Politikam\u0131z Kurumsal Kalite Politikam\u0131z Tar\u0131m makineleri ba\u015fta olmak \u00fczere farkl\u0131 sekt\u00f6rler i\u00e7in metal par\u00e7a \u00fcretimi ve hassas tala\u015fl\u0131 imalat alan\u0131nda faaliyet g\u00f6stermekteyiz. Sahip oldu\u011fumuz deneyim ve teknik kabiliyet ile m\u00fc\u015fterilerimize g\u00fcvenilir, kaliteli ve zaman\u0131nda \u00fcretim sunmaktay\u0131z. \u00dcretim kapasitemizi ve altyap\u0131m\u0131z\u0131 s\u00fcrekli geli\u015ftirerek de\u011fi\u015fen k\u00fcresel ve teknolojik ko\u015fullara uyum sa\u011flayabilen g\u00fc\u00e7l\u00fc bir \u00fcretim yap\u0131s\u0131na ula\u015fmay\u0131 [&hellip;]<\/p>\n","protected":false},"author":5,"featured_media":0,"parent":0,"menu_order":0,"comment_status":"closed","ping_status":"closed","template":"","meta":[],"_links":{"self":[{"href":"https:\/\/www.kalelisaft.com\/en\/wp-json\/wp\/v2\/pages\/681"}],"collection":[{"href":"https:\/\/www.kalelisaft.com\/en\/wp-json\/wp\/v2\/pages"}],"about":[{"href":"https:\/\/www.kalelisaft.com\/en\/wp-json\/wp\/v2\/types\/page"}],"author":[{"embeddable":true,"href":"https:\/\/www.kalelisaft.com\/en\/wp-json\/wp\/v2\/users\/5"}],"replies":[{"embeddable":true,"href":"https:\/\/www.kalelisaft.com\/en\/wp-json\/wp\/v2\/comments?post=681"}],"version-history":[{"count":27,"href":"https:\/\/www.kalelisaft.com\/en\/wp-json\/wp\/v2\/pages\/681\/revisions"}],"predecessor-version":[{"id":2046,"href":"https:\/\/www.kalelisaft.com\/en\/wp-json\/wp\/v2\/pages\/681\/revisions\/2046"}],"wp:attachment":[{"href":"https:\/\/www.kalelisaft.com\/en\/wp-json\/wp\/v2\/media?parent=681"}],"curies":[{"name":"wp","href":"https:\/\/api.w.org\/{rel}","templated":true}]}}