{"id":650,"date":"2022-06-01T13:30:42","date_gmt":"2022-06-01T13:30:42","guid":{"rendered":"https:\/\/www.kalelisaft.com\/?page_id=650"},"modified":"2025-05-08T06:53:27","modified_gmt":"2025-05-08T06:53:27","slug":"katalog-linkleri","status":"publish","type":"page","link":"https:\/\/www.kalelisaft.com\/en\/katalog-linkleri\/","title":{"rendered":"CATALOGUES"},"content":{"rendered":"\t\t<div data-elementor-type=\"wp-page\" data-elementor-id=\"650\" class=\"elementor elementor-650\" data-elementor-settings=\"[]\">\n\t\t\t\t\t\t\t<div class=\"elementor-section-wrap\">\n\t\t\t\t\t\t\t<section class=\"elementor-section elementor-top-section elementor-element elementor-element-b6fae02 elementor-section-stretched elementor-section-boxed elementor-section-height-default elementor-section-height-default\" data-id=\"b6fae02\" data-element_type=\"section\" data-settings=\"{&quot;background_background&quot;:&quot;classic&quot;,&quot;stretch_section&quot;:&quot;section-stretched&quot;}\">\n\t\t\t\t\t\t<div class=\"elementor-container elementor-column-gap-default\">\n\t\t\t\t\t<div class=\"elementor-column elementor-col-50 elementor-top-column elementor-element elementor-element-30c62b8\" data-id=\"30c62b8\" data-element_type=\"column\">\n\t\t\t<div class=\"elementor-widget-wrap elementor-element-populated\">\n\t\t\t\t\t\t\t\t<div class=\"elementor-element elementor-element-11aeaf2 elementor-widget elementor-widget-heading\" data-id=\"11aeaf2\" data-element_type=\"widget\" data-widget_type=\"heading.default\">\n\t\t\t\t<div class=\"elementor-widget-container\">\n\t\t\t<style>\/*! elementor - v3.5.0 - 12-12-2021 *\/\n.elementor-heading-title{padding:0;margin:0;line-height:1}.elementor-widget-heading .elementor-heading-title[class*=elementor-size-]>a{color:inherit;font-size:inherit;line-height:inherit}.elementor-widget-heading .elementor-heading-title.elementor-size-small{font-size:15px}.elementor-widget-heading .elementor-heading-title.elementor-size-medium{font-size:19px}.elementor-widget-heading .elementor-heading-title.elementor-size-large{font-size:29px}.elementor-widget-heading .elementor-heading-title.elementor-size-xl{font-size:39px}.elementor-widget-heading .elementor-heading-title.elementor-size-xxl{font-size:59px}<\/style><h4 class=\"elementor-heading-title elementor-size-default\">Katalog Linkleri<\/h4>\t\t<\/div>\n\t\t\t\t<\/div>\n\t\t\t\t\t<\/div>\n\t\t<\/div>\n\t\t\t\t<div class=\"elementor-column elementor-col-50 elementor-top-column elementor-element elementor-element-18ebfe7\" data-id=\"18ebfe7\" data-element_type=\"column\">\n\t\t\t<div class=\"elementor-widget-wrap\">\n\t\t\t\t\t\t\t\t\t<\/div>\n\t\t<\/div>\n\t\t\t\t\t\t\t<\/div>\n\t\t<\/section>\n\t\t\t\t<section class=\"elementor-section elementor-top-section elementor-element elementor-element-1439b76 elementor-section-boxed elementor-section-height-default elementor-section-height-default\" data-id=\"1439b76\" data-element_type=\"section\">\n\t\t\t\t\t\t<div class=\"elementor-container elementor-column-gap-default\">\n\t\t\t\t\t<div class=\"elementor-column elementor-col-33 elementor-top-column elementor-element elementor-element-04ad2cf\" data-id=\"04ad2cf\" data-element_type=\"column\">\n\t\t\t<div class=\"elementor-widget-wrap elementor-element-populated\">\n\t\t\t\t\t\t\t\t<div class=\"elementor-element elementor-element-9f02ea1 elementor-widget elementor-widget-heading\" data-id=\"9f02ea1\" data-element_type=\"widget\" data-widget_type=\"heading.default\">\n\t\t\t\t<div class=\"elementor-widget-container\">\n\t\t\t<h5 class=\"elementor-heading-title elementor-size-default\">PTO \u015eAFT YEDEK PAR\u00c7A KATALO\u011eU<\/h5>\t\t<\/div>\n\t\t\t\t<\/div>\n\t\t\t\t<div class=\"elementor-element elementor-element-c02afa2 elementor-widget elementor-widget-image\" data-id=\"c02afa2\" data-element_type=\"widget\" data-widget_type=\"image.default\">\n\t\t\t\t<div class=\"elementor-widget-container\">\n\t\t\t<style>\/*! elementor - v3.5.0 - 12-12-2021 *\/\n.elementor-widget-image{text-align:center}.elementor-widget-image a{display:inline-block}.elementor-widget-image a img[src$=\".svg\"]{width:48px}.elementor-widget-image img{vertical-align:middle;display:inline-block}<\/style>\t\t\t\t\t\t\t\t\t\t\t\t\t<a href=\"https:\/\/www.walterscheid-service.de\/kataloge2024\/Walterscheid-LGW-Katalog-2020\/index.html\" target=\"_blank\">\n\t\t\t\t\t\t\t<img width=\"724\" height=\"1024\" src=\"https:\/\/www.kalelisaft.com\/wp-content\/uploads\/2022\/06\/3-724x1024.jpg\" class=\"attachment-large size-large\" alt=\"\" loading=\"lazy\" srcset=\"https:\/\/www.kalelisaft.com\/wp-content\/uploads\/2022\/06\/3-724x1024.jpg 724w, https:\/\/www.kalelisaft.com\/wp-content\/uploads\/2022\/06\/3-212x300.jpg 212w, https:\/\/www.kalelisaft.com\/wp-content\/uploads\/2022\/06\/3-768x1086.jpg 768w, https:\/\/www.kalelisaft.com\/wp-content\/uploads\/2022\/06\/3.jpg 802w\" sizes=\"(max-width: 724px) 100vw, 724px\" \/>\t\t\t\t\t\t\t\t<\/a>\n\t\t\t\t\t\t\t\t\t\t\t\t\t\t\t<\/div>\n\t\t\t\t<\/div>\n\t\t\t\t\t<\/div>\n\t\t<\/div>\n\t\t\t\t<div class=\"elementor-column elementor-col-33 elementor-top-column elementor-element elementor-element-4e0e423\" data-id=\"4e0e423\" data-element_type=\"column\">\n\t\t\t<div class=\"elementor-widget-wrap\">\n\t\t\t\t\t\t\t\t\t<\/div>\n\t\t<\/div>\n\t\t\t\t<div class=\"elementor-column elementor-col-33 elementor-top-column elementor-element elementor-element-ff3ad51\" data-id=\"ff3ad51\" data-element_type=\"column\">\n\t\t\t<div class=\"elementor-widget-wrap elementor-element-populated\">\n\t\t\t\t\t\t\t\t<div class=\"elementor-element elementor-element-9b279bc elementor-widget elementor-widget-heading\" data-id=\"9b279bc\" data-element_type=\"widget\" data-widget_type=\"heading.default\">\n\t\t\t\t<div class=\"elementor-widget-container\">\n\t\t\t<h5 class=\"elementor-heading-title elementor-size-default\">TRAKT\u00d6R BA\u011eLANTI S\u0130STEMLER\u0130<\/h5>\t\t<\/div>\n\t\t\t\t<\/div>\n\t\t\t\t<div class=\"elementor-element elementor-element-aebd247 elementor-widget elementor-widget-image\" data-id=\"aebd247\" data-element_type=\"widget\" data-widget_type=\"image.default\">\n\t\t\t\t<div class=\"elementor-widget-container\">\n\t\t\t\t\t\t\t\t\t\t\t\t\t\t\t\t<a href=\"https:\/\/www.walterscheid-service.de\/kataloge2024\/Ersatzteilkatalog_TAS_2012_web\/index.html\" target=\"_blank\">\n\t\t\t\t\t\t\t<img width=\"721\" height=\"1024\" src=\"https:\/\/www.kalelisaft.com\/wp-content\/uploads\/2022\/06\/1-721x1024.jpg\" class=\"attachment-large size-large\" alt=\"\" loading=\"lazy\" srcset=\"https:\/\/www.kalelisaft.com\/wp-content\/uploads\/2022\/06\/1-721x1024.jpg 721w, https:\/\/www.kalelisaft.com\/wp-content\/uploads\/2022\/06\/1-211x300.jpg 211w, https:\/\/www.kalelisaft.com\/wp-content\/uploads\/2022\/06\/1-768x1091.jpg 768w, https:\/\/www.kalelisaft.com\/wp-content\/uploads\/2022\/06\/1.jpg 796w\" sizes=\"(max-width: 721px) 100vw, 721px\" \/>\t\t\t\t\t\t\t\t<\/a>\n\t\t\t\t\t\t\t\t\t\t\t\t\t\t\t<\/div>\n\t\t\t\t<\/div>\n\t\t\t\t\t<\/div>\n\t\t<\/div>\n\t\t\t\t\t\t\t<\/div>\n\t\t<\/section>\n\t\t\t\t\t\t<\/div>\n\t\t\t\t\t<\/div>\n\t\t","protected":false},"excerpt":{"rendered":"<p>Katalog Linkleri PTO \u015eAFT YEDEK PAR\u00c7A KATALO\u011eU TRAKT\u00d6R BA\u011eLANTI S\u0130STEMLER\u0130<\/p>","protected":false},"author":5,"featured_media":0,"parent":0,"menu_order":0,"comment_status":"closed","ping_status":"closed","template":"","meta":[],"_links":{"self":[{"href":"https:\/\/www.kalelisaft.com\/en\/wp-json\/wp\/v2\/pages\/650"}],"collection":[{"href":"https:\/\/www.kalelisaft.com\/en\/wp-json\/wp\/v2\/pages"}],"about":[{"href":"https:\/\/www.kalelisaft.com\/en\/wp-json\/wp\/v2\/types\/page"}],"author":[{"embeddable":true,"href":"https:\/\/www.kalelisaft.com\/en\/wp-json\/wp\/v2\/users\/5"}],"replies":[{"embeddable":true,"href":"https:\/\/www.kalelisaft.com\/en\/wp-json\/wp\/v2\/comments?post=650"}],"version-history":[{"count":37,"href":"https:\/\/www.kalelisaft.com\/en\/wp-json\/wp\/v2\/pages\/650\/revisions"}],"predecessor-version":[{"id":1983,"href":"https:\/\/www.kalelisaft.com\/en\/wp-json\/wp\/v2\/pages\/650\/revisions\/1983"}],"wp:attachment":[{"href":"https:\/\/www.kalelisaft.com\/en\/wp-json\/wp\/v2\/media?parent=650"}],"curies":[{"name":"wp","href":"https:\/\/api.w.org\/{rel}","templated":true}]}}