{"id":521,"date":"2022-05-30T16:51:41","date_gmt":"2022-05-30T16:51:41","guid":{"rendered":"https:\/\/www.kalelisaft.com\/?page_id=521"},"modified":"2022-12-27T10:24:52","modified_gmt":"2022-12-27T10:24:52","slug":"mig-mag-ve-tig-kaynagi","status":"publish","type":"page","link":"https:\/\/www.kalelisaft.com\/en\/mig-mag-ve-tig-kaynagi\/","title":{"rendered":"MIG-MAG &amp; TIG WELDING"},"content":{"rendered":"\t\t<div data-elementor-type=\"wp-page\" data-elementor-id=\"521\" class=\"elementor elementor-521\" data-elementor-settings=\"[]\">\n\t\t\t\t\t\t\t<div class=\"elementor-section-wrap\">\n\t\t\t\t\t\t\t<section class=\"elementor-section elementor-top-section elementor-element elementor-element-b6fae02 elementor-section-stretched elementor-section-boxed elementor-section-height-default elementor-section-height-default\" data-id=\"b6fae02\" data-element_type=\"section\" data-settings=\"{&quot;background_background&quot;:&quot;classic&quot;,&quot;stretch_section&quot;:&quot;section-stretched&quot;}\">\n\t\t\t\t\t\t<div class=\"elementor-container elementor-column-gap-default\">\n\t\t\t\t\t<div class=\"elementor-column elementor-col-50 elementor-top-column elementor-element elementor-element-30c62b8\" data-id=\"30c62b8\" data-element_type=\"column\">\n\t\t\t<div class=\"elementor-widget-wrap elementor-element-populated\">\n\t\t\t\t\t\t\t\t<div class=\"elementor-element elementor-element-11aeaf2 elementor-widget elementor-widget-heading\" data-id=\"11aeaf2\" data-element_type=\"widget\" data-widget_type=\"heading.default\">\n\t\t\t\t<div class=\"elementor-widget-container\">\n\t\t\t<style>\/*! elementor - v3.5.0 - 12-12-2021 *\/\n.elementor-heading-title{padding:0;margin:0;line-height:1}.elementor-widget-heading .elementor-heading-title[class*=elementor-size-]>a{color:inherit;font-size:inherit;line-height:inherit}.elementor-widget-heading .elementor-heading-title.elementor-size-small{font-size:15px}.elementor-widget-heading .elementor-heading-title.elementor-size-medium{font-size:19px}.elementor-widget-heading .elementor-heading-title.elementor-size-large{font-size:29px}.elementor-widget-heading .elementor-heading-title.elementor-size-xl{font-size:39px}.elementor-widget-heading .elementor-heading-title.elementor-size-xxl{font-size:59px}<\/style><h4 class=\"elementor-heading-title elementor-size-default\">MIG-MAG ve TIG Kayna\u011f\u0131<\/h4>\t\t<\/div>\n\t\t\t\t<\/div>\n\t\t\t\t\t<\/div>\n\t\t<\/div>\n\t\t\t\t<div class=\"elementor-column elementor-col-50 elementor-top-column elementor-element elementor-element-18ebfe7\" data-id=\"18ebfe7\" data-element_type=\"column\">\n\t\t\t<div class=\"elementor-widget-wrap\">\n\t\t\t\t\t\t\t\t\t<\/div>\n\t\t<\/div>\n\t\t\t\t\t\t\t<\/div>\n\t\t<\/section>\n\t\t\t\t<section class=\"elementor-section elementor-top-section elementor-element elementor-element-a19b572 elementor-section-boxed elementor-section-height-default elementor-section-height-default\" data-id=\"a19b572\" data-element_type=\"section\" data-settings=\"{&quot;background_background&quot;:&quot;classic&quot;}\">\n\t\t\t\t\t\t<div class=\"elementor-container elementor-column-gap-default\">\n\t\t\t\t\t<div class=\"elementor-column elementor-col-33 elementor-top-column elementor-element elementor-element-b07ff25\" data-id=\"b07ff25\" data-element_type=\"column\">\n\t\t\t<div class=\"elementor-widget-wrap elementor-element-populated\">\n\t\t\t\t\t\t\t\t<div class=\"elementor-element elementor-element-e041751 elementor-widget elementor-widget-elementskit-heading\" data-id=\"e041751\" data-element_type=\"widget\" data-widget_type=\"elementskit-heading.default\">\n\t\t\t\t<div class=\"elementor-widget-container\">\n\t\t\t<div class=\"ekit-wid-con\" ><div class=\"ekit-heading elementskit-section-title-wraper text_left   ekit_heading_tablet-   ekit_heading_mobile-\"><h3 class=\"ekit-heading--title elementskit-section-title \">MIG-MAG Kayna\u011f\u0131<\/h3><div class=\"ekit_heading_separetor_wraper ekit_heading_elementskit-border-divider ekit-dotted\"><div class=\"elementskit-border-divider ekit-dotted\"><\/div><\/div>\t\t\t\t<div class='ekit-heading__description'>\n\t\t\t\t\t<p>Yeni nesil sinerjik MIG\/MAG kaynak makinalar\u0131m\u0131z, otomatik kaynak mekanizmalar\u0131m\u0131z ve tecr\u00fcbeli kaynak ekibimiz ile istenilen n\u00fcfuziyet, sertlik ve g\u00f6rsellikte kaynakl\u0131 \u00fcretim ger\u00e7ekle\u015ftirmekteyiz.<\/p>\n<p>Firmam\u0131z b\u00fcnyesinde uluslararas\u0131 kaynak m\u00fchendisi bulundurarak, kaynak plan\u0131 haz\u0131rlama, kendi b\u00fcnyesinde kaynak\u00e7\u0131 sertifikaland\u0131rma ve uygunluk belgesi verme yetkisine sahiptir.<\/p>\n\t\t\t\t<\/div>\n\t\t\t<\/div><\/div>\t\t<\/div>\n\t\t\t\t<\/div>\n\t\t\t\t\t<\/div>\n\t\t<\/div>\n\t\t\t\t<div class=\"elementor-column elementor-col-66 elementor-top-column elementor-element elementor-element-9a43552\" data-id=\"9a43552\" data-element_type=\"column\">\n\t\t\t<div class=\"elementor-widget-wrap elementor-element-populated\">\n\t\t\t\t\t\t\t\t<div class=\"elementor-element elementor-element-af2b8ef gallery-spacing-custom elementor-widget elementor-widget-image-gallery\" data-id=\"af2b8ef\" data-element_type=\"widget\" data-widget_type=\"image-gallery.default\">\n\t\t\t\t<div class=\"elementor-widget-container\">\n\t\t\t<style>\/*! elementor - v3.5.0 - 12-12-2021 *\/\n.elementor-image-gallery .gallery-item{display:inline-block;text-align:center;vertical-align:top;width:100%;max-width:100%;margin:0 auto}.elementor-image-gallery .gallery-item img{margin:0 auto}.elementor-image-gallery .gallery-item .gallery-caption{margin:0}.elementor-image-gallery figure img{display:block}.elementor-image-gallery figure figcaption{width:100%}.gallery-spacing-custom .elementor-image-gallery .gallery-icon{padding:0}@media (min-width:768px){.elementor-image-gallery .gallery-columns-2 .gallery-item{max-width:50%}.elementor-image-gallery .gallery-columns-3 .gallery-item{max-width:33.33%}.elementor-image-gallery .gallery-columns-4 .gallery-item{max-width:25%}.elementor-image-gallery .gallery-columns-5 .gallery-item{max-width:20%}.elementor-image-gallery .gallery-columns-6 .gallery-item{max-width:16.666%}.elementor-image-gallery .gallery-columns-7 .gallery-item{max-width:14.28%}.elementor-image-gallery .gallery-columns-8 .gallery-item{max-width:12.5%}.elementor-image-gallery .gallery-columns-9 .gallery-item{max-width:11.11%}.elementor-image-gallery .gallery-columns-10 .gallery-item{max-width:10%}}@media (min-width:480px) and (max-width:767px){.elementor-image-gallery .gallery.gallery-columns-2 .gallery-item,.elementor-image-gallery .gallery.gallery-columns-3 .gallery-item,.elementor-image-gallery .gallery.gallery-columns-4 .gallery-item,.elementor-image-gallery .gallery.gallery-columns-5 .gallery-item,.elementor-image-gallery .gallery.gallery-columns-6 .gallery-item,.elementor-image-gallery .gallery.gallery-columns-7 .gallery-item,.elementor-image-gallery .gallery.gallery-columns-8 .gallery-item,.elementor-image-gallery .gallery.gallery-columns-9 .gallery-item,.elementor-image-gallery .gallery.gallery-columns-10 .gallery-item{max-width:50%}}@media (max-width:479px){.elementor-image-gallery .gallery.gallery-columns-2 .gallery-item,.elementor-image-gallery .gallery.gallery-columns-3 .gallery-item,.elementor-image-gallery .gallery.gallery-columns-4 .gallery-item,.elementor-image-gallery .gallery.gallery-columns-5 .gallery-item,.elementor-image-gallery .gallery.gallery-columns-6 .gallery-item,.elementor-image-gallery .gallery.gallery-columns-7 .gallery-item,.elementor-image-gallery .gallery.gallery-columns-8 .gallery-item,.elementor-image-gallery .gallery.gallery-columns-9 .gallery-item,.elementor-image-gallery .gallery.gallery-columns-10 .gallery-item{max-width:100%}}<\/style>\t\t<div class=\"elementor-image-gallery\">\n\t\t\t<div id='gallery-1' class='gallery galleryid-521 gallery-columns-2 gallery-size-full'><figure class='gallery-item'>\n\t\t\t<div class='gallery-icon landscape'>\n\t\t\t\t<a data-elementor-open-lightbox=\"yes\" data-elementor-lightbox-slideshow=\"af2b8ef\" data-elementor-lightbox-title=\"mig-mag (1)\" href='https:\/\/www.kalelisaft.com\/wp-content\/uploads\/2022\/06\/mig-mag-1.jpg'><img width=\"1280\" height=\"855\" src=\"https:\/\/www.kalelisaft.com\/wp-content\/uploads\/2022\/06\/mig-mag-1.jpg\" class=\"attachment-full size-full\" alt=\"\" loading=\"lazy\" srcset=\"https:\/\/www.kalelisaft.com\/wp-content\/uploads\/2022\/06\/mig-mag-1.jpg 1280w, https:\/\/www.kalelisaft.com\/wp-content\/uploads\/2022\/06\/mig-mag-1-300x200.jpg 300w, https:\/\/www.kalelisaft.com\/wp-content\/uploads\/2022\/06\/mig-mag-1-1024x684.jpg 1024w, https:\/\/www.kalelisaft.com\/wp-content\/uploads\/2022\/06\/mig-mag-1-768x513.jpg 768w, https:\/\/www.kalelisaft.com\/wp-content\/uploads\/2022\/06\/mig-mag-1-18x12.jpg 18w\" sizes=\"(max-width: 1280px) 100vw, 1280px\" \/><\/a>\n\t\t\t<\/div><\/figure><figure class='gallery-item'>\n\t\t\t<div class='gallery-icon landscape'>\n\t\t\t\t<a data-elementor-open-lightbox=\"yes\" data-elementor-lightbox-slideshow=\"af2b8ef\" data-elementor-lightbox-title=\"mig-mag (2)\" href='https:\/\/www.kalelisaft.com\/wp-content\/uploads\/2022\/06\/mig-mag-2-1.jpg'><img width=\"1280\" height=\"855\" src=\"https:\/\/www.kalelisaft.com\/wp-content\/uploads\/2022\/06\/mig-mag-2-1.jpg\" class=\"attachment-full size-full\" alt=\"\" loading=\"lazy\" srcset=\"https:\/\/www.kalelisaft.com\/wp-content\/uploads\/2022\/06\/mig-mag-2-1.jpg 1280w, https:\/\/www.kalelisaft.com\/wp-content\/uploads\/2022\/06\/mig-mag-2-1-300x200.jpg 300w, https:\/\/www.kalelisaft.com\/wp-content\/uploads\/2022\/06\/mig-mag-2-1-1024x684.jpg 1024w, https:\/\/www.kalelisaft.com\/wp-content\/uploads\/2022\/06\/mig-mag-2-1-768x513.jpg 768w, https:\/\/www.kalelisaft.com\/wp-content\/uploads\/2022\/06\/mig-mag-2-1-18x12.jpg 18w\" sizes=\"(max-width: 1280px) 100vw, 1280px\" \/><\/a>\n\t\t\t<\/div><\/figure>\n\t\t<\/div>\n\t\t<\/div>\n\t\t\t\t<\/div>\n\t\t\t\t<\/div>\n\t\t\t\t\t<\/div>\n\t\t<\/div>\n\t\t\t\t\t\t\t<\/div>\n\t\t<\/section>\n\t\t\t\t<section class=\"elementor-section elementor-top-section elementor-element elementor-element-25eb4c5 elementor-section-boxed elementor-section-height-default elementor-section-height-default\" data-id=\"25eb4c5\" data-element_type=\"section\" data-settings=\"{&quot;background_background&quot;:&quot;classic&quot;}\">\n\t\t\t\t\t\t<div class=\"elementor-container elementor-column-gap-default\">\n\t\t\t\t\t<div class=\"elementor-column elementor-col-33 elementor-top-column elementor-element elementor-element-f933b97\" data-id=\"f933b97\" data-element_type=\"column\">\n\t\t\t<div class=\"elementor-widget-wrap elementor-element-populated\">\n\t\t\t\t\t\t\t\t<div class=\"elementor-element elementor-element-7c50694 elementor-widget elementor-widget-elementskit-heading\" data-id=\"7c50694\" data-element_type=\"widget\" data-widget_type=\"elementskit-heading.default\">\n\t\t\t\t<div class=\"elementor-widget-container\">\n\t\t\t<div class=\"ekit-wid-con\" ><div class=\"ekit-heading elementskit-section-title-wraper text_left   ekit_heading_tablet-   ekit_heading_mobile-\"><h3 class=\"ekit-heading--title elementskit-section-title \">TIG Kayna\u011f\u0131<\/h3><div class=\"ekit_heading_separetor_wraper ekit_heading_elementskit-border-divider ekit-dotted\"><div class=\"elementskit-border-divider ekit-dotted\"><\/div><\/div>\t\t\t\t<div class='ekit-heading__description'>\n\t\t\t\t\t<p>Firmam\u0131zda nitelikli personelimiz taraf\u0131ndan TIG kayna\u011f\u0131 yap\u0131labilmektedir.<\/p>\n\t\t\t\t<\/div>\n\t\t\t<\/div><\/div>\t\t<\/div>\n\t\t\t\t<\/div>\n\t\t\t\t\t<\/div>\n\t\t<\/div>\n\t\t\t\t<div class=\"elementor-column elementor-col-66 elementor-top-column elementor-element elementor-element-caa2109\" data-id=\"caa2109\" data-element_type=\"column\">\n\t\t\t<div class=\"elementor-widget-wrap elementor-element-populated\">\n\t\t\t\t\t\t\t\t<div class=\"elementor-element elementor-element-4ca9b5f gallery-spacing-custom elementor-widget elementor-widget-image-gallery\" data-id=\"4ca9b5f\" data-element_type=\"widget\" data-widget_type=\"image-gallery.default\">\n\t\t\t\t<div class=\"elementor-widget-container\">\n\t\t\t\t\t<div class=\"elementor-image-gallery\">\n\t\t\t<div id='gallery-2' class='gallery galleryid-521 gallery-columns-2 gallery-size-full'><figure class='gallery-item'>\n\t\t\t<div class='gallery-icon landscape'>\n\t\t\t\t<a data-elementor-open-lightbox=\"yes\" data-elementor-lightbox-slideshow=\"4ca9b5f\" data-elementor-lightbox-title=\"TIG\" href='https:\/\/www.kalelisaft.com\/wp-content\/uploads\/2022\/12\/DSC05438-scaled.jpg'><img width=\"2560\" height=\"1439\" src=\"https:\/\/www.kalelisaft.com\/wp-content\/uploads\/2022\/12\/DSC05438-scaled.jpg\" class=\"attachment-full size-full\" alt=\"\" loading=\"lazy\" srcset=\"https:\/\/www.kalelisaft.com\/wp-content\/uploads\/2022\/12\/DSC05438-scaled.jpg 2560w, https:\/\/www.kalelisaft.com\/wp-content\/uploads\/2022\/12\/DSC05438-300x169.jpg 300w, https:\/\/www.kalelisaft.com\/wp-content\/uploads\/2022\/12\/DSC05438-1024x576.jpg 1024w, https:\/\/www.kalelisaft.com\/wp-content\/uploads\/2022\/12\/DSC05438-768x432.jpg 768w, https:\/\/www.kalelisaft.com\/wp-content\/uploads\/2022\/12\/DSC05438-1536x864.jpg 1536w, https:\/\/www.kalelisaft.com\/wp-content\/uploads\/2022\/12\/DSC05438-2048x1152.jpg 2048w, https:\/\/www.kalelisaft.com\/wp-content\/uploads\/2022\/12\/DSC05438-18x10.jpg 18w\" sizes=\"(max-width: 2560px) 100vw, 2560px\" \/><\/a>\n\t\t\t<\/div><\/figure>\n\t\t<\/div>\n\t\t<\/div>\n\t\t\t\t<\/div>\n\t\t\t\t<\/div>\n\t\t\t\t\t<\/div>\n\t\t<\/div>\n\t\t\t\t\t\t\t<\/div>\n\t\t<\/section>\n\t\t\t\t<section class=\"elementor-section elementor-top-section elementor-element elementor-element-6a492c1 elementor-section-boxed elementor-section-height-default elementor-section-height-default\" data-id=\"6a492c1\" data-element_type=\"section\" data-settings=\"{&quot;background_background&quot;:&quot;classic&quot;}\">\n\t\t\t\t\t\t<div class=\"elementor-container elementor-column-gap-default\">\n\t\t\t\t\t<div class=\"elementor-column elementor-col-33 elementor-top-column elementor-element elementor-element-e71ea17\" data-id=\"e71ea17\" data-element_type=\"column\">\n\t\t\t<div class=\"elementor-widget-wrap elementor-element-populated\">\n\t\t\t\t\t\t\t\t<div class=\"elementor-element elementor-element-07230f1 elementor-widget elementor-widget-elementskit-heading\" data-id=\"07230f1\" data-element_type=\"widget\" data-widget_type=\"elementskit-heading.default\">\n\t\t\t\t<div class=\"elementor-widget-container\">\n\t\t\t<div class=\"ekit-wid-con\" ><div class=\"ekit-heading elementskit-section-title-wraper text_left   ekit_heading_tablet-   ekit_heading_mobile-\"><h3 class=\"ekit-heading--title elementskit-section-title \">\u00d6n Is\u0131tma F\u0131r\u0131n\u0131<\/h3><div class=\"ekit_heading_separetor_wraper ekit_heading_elementskit-border-divider ekit-dotted\"><div class=\"elementskit-border-divider ekit-dotted\"><\/div><\/div>\t\t\t\t<div class='ekit-heading__description'>\n\t\t\t\t\t<p>Karbon de\u011feri y\u00fcksek malzemelerin kaynak operasyonlar\u0131 \u00f6ncesi \u00f6n \u0131s\u0131tmas\u0131 yap\u0131larak kaynak sertli\u011fi olu\u015fmas\u0131 \u00f6nlenmektedir.<\/p>\n\t\t\t\t<\/div>\n\t\t\t<\/div><\/div>\t\t<\/div>\n\t\t\t\t<\/div>\n\t\t\t\t\t<\/div>\n\t\t<\/div>\n\t\t\t\t<div class=\"elementor-column elementor-col-66 elementor-top-column elementor-element elementor-element-cd55e05\" data-id=\"cd55e05\" data-element_type=\"column\">\n\t\t\t<div class=\"elementor-widget-wrap elementor-element-populated\">\n\t\t\t\t\t\t\t\t<div class=\"elementor-element elementor-element-48dadd0 gallery-spacing-custom elementor-widget elementor-widget-image-gallery\" data-id=\"48dadd0\" data-element_type=\"widget\" data-widget_type=\"image-gallery.default\">\n\t\t\t\t<div class=\"elementor-widget-container\">\n\t\t\t\t\t<div class=\"elementor-image-gallery\">\n\t\t\t<div id='gallery-3' class='gallery galleryid-521 gallery-columns-2 gallery-size-medium'><figure class='gallery-item'>\n\t\t\t<div class='gallery-icon portrait'>\n\t\t\t\t<a data-elementor-open-lightbox=\"yes\" data-elementor-lightbox-slideshow=\"48dadd0\" data-elementor-lightbox-title=\"\u00d6n Is\u0131tma\" href='https:\/\/www.kalelisaft.com\/wp-content\/uploads\/2022\/12\/DSC05587-2-scaled-e1672136678923.jpg'><img width=\"279\" height=\"300\" src=\"https:\/\/www.kalelisaft.com\/wp-content\/uploads\/2022\/12\/DSC05587-2-scaled-e1672136678923-279x300.jpg\" class=\"attachment-medium size-medium\" alt=\"\" loading=\"lazy\" srcset=\"https:\/\/www.kalelisaft.com\/wp-content\/uploads\/2022\/12\/DSC05587-2-scaled-e1672136678923-279x300.jpg 279w, https:\/\/www.kalelisaft.com\/wp-content\/uploads\/2022\/12\/DSC05587-2-scaled-e1672136678923-951x1024.jpg 951w, https:\/\/www.kalelisaft.com\/wp-content\/uploads\/2022\/12\/DSC05587-2-scaled-e1672136678923-768x827.jpg 768w, https:\/\/www.kalelisaft.com\/wp-content\/uploads\/2022\/12\/DSC05587-2-scaled-e1672136678923-1426x1536.jpg 1426w, https:\/\/www.kalelisaft.com\/wp-content\/uploads\/2022\/12\/DSC05587-2-scaled-e1672136678923-11x12.jpg 11w, https:\/\/www.kalelisaft.com\/wp-content\/uploads\/2022\/12\/DSC05587-2-scaled-e1672136678923.jpg 1491w\" sizes=\"(max-width: 279px) 100vw, 279px\" \/><\/a>\n\t\t\t<\/div><\/figure>\n\t\t<\/div>\n\t\t<\/div>\n\t\t\t\t<\/div>\n\t\t\t\t<\/div>\n\t\t\t\t\t<\/div>\n\t\t<\/div>\n\t\t\t\t\t\t\t<\/div>\n\t\t<\/section>\n\t\t\t\t\t\t<\/div>\n\t\t\t\t\t<\/div>\n\t\t","protected":false},"excerpt":{"rendered":"<p>MIG-MAG ve TIG Kayna\u011f\u0131 MIG-MAG Kayna\u011f\u0131 Yeni nesil sinerjik MIG\/MAG kaynak makinalar\u0131m\u0131z, otomatik kaynak mekanizmalar\u0131m\u0131z ve tecr\u00fcbeli kaynak ekibimiz ile istenilen n\u00fcfuziyet, sertlik ve g\u00f6rsellikte kaynakl\u0131 \u00fcretim ger\u00e7ekle\u015ftirmekteyiz. Firmam\u0131z b\u00fcnyesinde uluslararas\u0131 kaynak m\u00fchendisi bulundurarak, kaynak plan\u0131 haz\u0131rlama, kendi b\u00fcnyesinde kaynak\u00e7\u0131 sertifikaland\u0131rma ve uygunluk belgesi verme yetkisine sahiptir. TIG Kayna\u011f\u0131 Firmam\u0131zda nitelikli personelimiz taraf\u0131ndan TIG kayna\u011f\u0131 [&hellip;]<\/p>\n","protected":false},"author":5,"featured_media":0,"parent":0,"menu_order":0,"comment_status":"closed","ping_status":"closed","template":"","meta":[],"_links":{"self":[{"href":"https:\/\/www.kalelisaft.com\/en\/wp-json\/wp\/v2\/pages\/521"}],"collection":[{"href":"https:\/\/www.kalelisaft.com\/en\/wp-json\/wp\/v2\/pages"}],"about":[{"href":"https:\/\/www.kalelisaft.com\/en\/wp-json\/wp\/v2\/types\/page"}],"author":[{"embeddable":true,"href":"https:\/\/www.kalelisaft.com\/en\/wp-json\/wp\/v2\/users\/5"}],"replies":[{"embeddable":true,"href":"https:\/\/www.kalelisaft.com\/en\/wp-json\/wp\/v2\/comments?post=521"}],"version-history":[{"count":34,"href":"https:\/\/www.kalelisaft.com\/en\/wp-json\/wp\/v2\/pages\/521\/revisions"}],"predecessor-version":[{"id":1653,"href":"https:\/\/www.kalelisaft.com\/en\/wp-json\/wp\/v2\/pages\/521\/revisions\/1653"}],"wp:attachment":[{"href":"https:\/\/www.kalelisaft.com\/en\/wp-json\/wp\/v2\/media?parent=521"}],"curies":[{"name":"wp","href":"https:\/\/api.w.org\/{rel}","templated":true}]}}