{"id":403,"date":"2022-05-17T10:32:51","date_gmt":"2022-05-17T10:32:51","guid":{"rendered":"https:\/\/www.kalelisaft.com\/?page_id=403"},"modified":"2023-08-17T14:33:06","modified_gmt":"2023-08-17T14:33:06","slug":"iletisim","status":"publish","type":"page","link":"https:\/\/www.kalelisaft.com\/en\/iletisim\/","title":{"rendered":"CONTACT"},"content":{"rendered":"\t\t<div data-elementor-type=\"wp-page\" data-elementor-id=\"403\" class=\"elementor elementor-403\" data-elementor-settings=\"[]\">\n\t\t\t\t\t\t\t<div class=\"elementor-section-wrap\">\n\t\t\t\t\t\t\t<section class=\"elementor-section elementor-top-section elementor-element elementor-element-b6fae02 elementor-section-stretched elementor-section-boxed elementor-section-height-default elementor-section-height-default\" data-id=\"b6fae02\" data-element_type=\"section\" data-settings=\"{&quot;background_background&quot;:&quot;classic&quot;,&quot;stretch_section&quot;:&quot;section-stretched&quot;}\">\n\t\t\t\t\t\t<div class=\"elementor-container elementor-column-gap-default\">\n\t\t\t\t\t<div class=\"elementor-column elementor-col-50 elementor-top-column elementor-element elementor-element-30c62b8\" data-id=\"30c62b8\" data-element_type=\"column\">\n\t\t\t<div class=\"elementor-widget-wrap elementor-element-populated\">\n\t\t\t\t\t\t\t\t<div class=\"elementor-element elementor-element-11aeaf2 elementor-widget elementor-widget-heading\" data-id=\"11aeaf2\" data-element_type=\"widget\" data-widget_type=\"heading.default\">\n\t\t\t\t<div class=\"elementor-widget-container\">\n\t\t\t<style>\/*! elementor - v3.5.0 - 12-12-2021 *\/\n.elementor-heading-title{padding:0;margin:0;line-height:1}.elementor-widget-heading .elementor-heading-title[class*=elementor-size-]>a{color:inherit;font-size:inherit;line-height:inherit}.elementor-widget-heading .elementor-heading-title.elementor-size-small{font-size:15px}.elementor-widget-heading .elementor-heading-title.elementor-size-medium{font-size:19px}.elementor-widget-heading .elementor-heading-title.elementor-size-large{font-size:29px}.elementor-widget-heading .elementor-heading-title.elementor-size-xl{font-size:39px}.elementor-widget-heading .elementor-heading-title.elementor-size-xxl{font-size:59px}<\/style><h4 class=\"elementor-heading-title elementor-size-default\">\u0130leti\u015fim<\/h4>\t\t<\/div>\n\t\t\t\t<\/div>\n\t\t\t\t\t<\/div>\n\t\t<\/div>\n\t\t\t\t<div class=\"elementor-column elementor-col-50 elementor-top-column elementor-element elementor-element-18ebfe7\" data-id=\"18ebfe7\" data-element_type=\"column\">\n\t\t\t<div class=\"elementor-widget-wrap\">\n\t\t\t\t\t\t\t\t\t<\/div>\n\t\t<\/div>\n\t\t\t\t\t\t\t<\/div>\n\t\t<\/section>\n\t\t\t\t<section class=\"elementor-section elementor-top-section elementor-element elementor-element-ab71d60 elementor-section-boxed elementor-section-height-default elementor-section-height-default\" data-id=\"ab71d60\" data-element_type=\"section\">\n\t\t\t\t\t\t<div class=\"elementor-container elementor-column-gap-default\">\n\t\t\t\t\t<div class=\"elementor-column elementor-col-100 elementor-top-column elementor-element elementor-element-15dfa6e\" data-id=\"15dfa6e\" data-element_type=\"column\">\n\t\t\t<div class=\"elementor-widget-wrap elementor-element-populated\">\n\t\t\t\t\t\t\t\t<section class=\"elementor-section elementor-inner-section elementor-element elementor-element-73971cf elementor-section-boxed elementor-section-height-default elementor-section-height-default\" data-id=\"73971cf\" data-element_type=\"section\">\n\t\t\t\t\t\t<div class=\"elementor-container elementor-column-gap-default\">\n\t\t\t\t\t<div class=\"elementor-column elementor-col-50 elementor-inner-column elementor-element elementor-element-96c3d55\" data-id=\"96c3d55\" data-element_type=\"column\" data-settings=\"{&quot;background_background&quot;:&quot;classic&quot;}\">\n\t\t\t<div class=\"elementor-widget-wrap elementor-element-populated\">\n\t\t\t\t\t<div class=\"elementor-background-overlay\"><\/div>\n\t\t\t\t\t\t\t\t<div class=\"elementor-element elementor-element-830c967 elementor-widget elementor-widget-spacer\" data-id=\"830c967\" data-element_type=\"widget\" data-widget_type=\"spacer.default\">\n\t\t\t\t<div class=\"elementor-widget-container\">\n\t\t\t\t\t<div class=\"elementor-spacer\">\n\t\t\t<div class=\"elementor-spacer-inner\"><\/div>\n\t\t<\/div>\n\t\t\t\t<\/div>\n\t\t\t\t<\/div>\n\t\t\t\t<div class=\"elementor-element elementor-element-e1632e8 elementor-widget elementor-widget-heading\" data-id=\"e1632e8\" data-element_type=\"widget\" data-widget_type=\"heading.default\">\n\t\t\t\t<div class=\"elementor-widget-container\">\n\t\t\t<h4 class=\"elementor-heading-title elementor-size-default\">\u0130leti\u015fim Bilgisi<\/h4>\t\t<\/div>\n\t\t\t\t<\/div>\n\t\t\t\t<div class=\"elementor-element elementor-element-8551893 elementor-icon-list--layout-traditional elementor-list-item-link-full_width elementor-widget elementor-widget-icon-list\" data-id=\"8551893\" data-element_type=\"widget\" data-widget_type=\"icon-list.default\">\n\t\t\t\t<div class=\"elementor-widget-container\">\n\t\t\t<style>\/*! elementor - v3.5.0 - 12-12-2021 *\/\n.elementor-widget.elementor-icon-list--layout-inline .elementor-widget-container{overflow:hidden}.elementor-widget .elementor-icon-list-items.elementor-inline-items{margin-right:-8px;margin-left:-8px}.elementor-widget .elementor-icon-list-items.elementor-inline-items .elementor-icon-list-item{margin-right:8px;margin-left:8px}.elementor-widget .elementor-icon-list-items.elementor-inline-items .elementor-icon-list-item:after{width:auto;left:auto;right:auto;position:relative;height:100%;border-top:0;border-bottom:0;border-right:0;border-left-width:1px;border-style:solid;right:-8px}.elementor-widget .elementor-icon-list-items{list-style-type:none;margin:0;padding:0}.elementor-widget .elementor-icon-list-item{margin:0;padding:0;position:relative}.elementor-widget .elementor-icon-list-item:after{position:absolute;bottom:0;width:100%}.elementor-widget .elementor-icon-list-item,.elementor-widget .elementor-icon-list-item a{display:-webkit-box;display:-ms-flexbox;display:flex;-webkit-box-align:center;-ms-flex-align:center;align-items:center;font-size:inherit}.elementor-widget .elementor-icon-list-icon+.elementor-icon-list-text{-ms-flex-item-align:center;align-self:center;padding-left:5px}.elementor-widget .elementor-icon-list-icon{display:-webkit-box;display:-ms-flexbox;display:flex}.elementor-widget .elementor-icon-list-icon svg{width:var(--e-icon-list-icon-size,1em);height:var(--e-icon-list-icon-size,1em)}.elementor-widget .elementor-icon-list-icon i{width:1.25em;font-size:var(--e-icon-list-icon-size)}.elementor-widget.elementor-widget-icon-list .elementor-icon-list-icon{text-align:var(--e-icon-list-icon-align)}.elementor-widget.elementor-widget-icon-list .elementor-icon-list-icon svg{margin:var(--e-icon-list-icon-margin,0 calc(var(--e-icon-list-icon-size, 1em) * .25) 0 0)}.elementor-widget.elementor-list-item-link-full_width a{width:100%}.elementor-widget.elementor-align-center .elementor-icon-list-item,.elementor-widget.elementor-align-center .elementor-icon-list-item a{-webkit-box-pack:center;-ms-flex-pack:center;justify-content:center}.elementor-widget.elementor-align-center .elementor-icon-list-item:after{margin:auto}.elementor-widget.elementor-align-center .elementor-inline-items{-webkit-box-pack:center;-ms-flex-pack:center;justify-content:center}.elementor-widget.elementor-align-left .elementor-icon-list-item,.elementor-widget.elementor-align-left .elementor-icon-list-item a{-webkit-box-pack:start;-ms-flex-pack:start;justify-content:flex-start;text-align:left}.elementor-widget.elementor-align-left .elementor-inline-items{-webkit-box-pack:start;-ms-flex-pack:start;justify-content:flex-start}.elementor-widget.elementor-align-right .elementor-icon-list-item,.elementor-widget.elementor-align-right .elementor-icon-list-item a{-webkit-box-pack:end;-ms-flex-pack:end;justify-content:flex-end;text-align:right}.elementor-widget.elementor-align-right .elementor-icon-list-items{-webkit-box-pack:end;-ms-flex-pack:end;justify-content:flex-end}.elementor-widget:not(.elementor-align-right) .elementor-icon-list-item:after{left:0}.elementor-widget:not(.elementor-align-left) .elementor-icon-list-item:after{right:0}@media (max-width:1024px){.elementor-widget.elementor-tablet-align-center .elementor-icon-list-item,.elementor-widget.elementor-tablet-align-center .elementor-icon-list-item a,.elementor-widget.elementor-tablet-align-center .elementor-icon-list-items{-webkit-box-pack:center;-ms-flex-pack:center;justify-content:center}.elementor-widget.elementor-tablet-align-center .elementor-icon-list-item:after{margin:auto}.elementor-widget.elementor-tablet-align-left .elementor-icon-list-items{-webkit-box-pack:start;-ms-flex-pack:start;justify-content:flex-start}.elementor-widget.elementor-tablet-align-left .elementor-icon-list-item,.elementor-widget.elementor-tablet-align-left .elementor-icon-list-item a{-webkit-box-pack:start;-ms-flex-pack:start;justify-content:flex-start;text-align:left}.elementor-widget.elementor-tablet-align-right .elementor-icon-list-items{-webkit-box-pack:end;-ms-flex-pack:end;justify-content:flex-end}.elementor-widget.elementor-tablet-align-right .elementor-icon-list-item,.elementor-widget.elementor-tablet-align-right .elementor-icon-list-item a{-webkit-box-pack:end;-ms-flex-pack:end;justify-content:flex-end;text-align:right}.elementor-widget:not(.elementor-tablet-align-right) .elementor-icon-list-item:after{left:0}.elementor-widget:not(.elementor-tablet-align-left) .elementor-icon-list-item:after{right:0}}@media (max-width:767px){.elementor-widget.elementor-mobile-align-center .elementor-icon-list-item,.elementor-widget.elementor-mobile-align-center .elementor-icon-list-item a,.elementor-widget.elementor-mobile-align-center .elementor-icon-list-items{-webkit-box-pack:center;-ms-flex-pack:center;justify-content:center}.elementor-widget.elementor-mobile-align-center .elementor-icon-list-item:after{margin:auto}.elementor-widget.elementor-mobile-align-left .elementor-icon-list-items{-webkit-box-pack:start;-ms-flex-pack:start;justify-content:flex-start}.elementor-widget.elementor-mobile-align-left .elementor-icon-list-item,.elementor-widget.elementor-mobile-align-left .elementor-icon-list-item a{-webkit-box-pack:start;-ms-flex-pack:start;justify-content:flex-start;text-align:left}.elementor-widget.elementor-mobile-align-right .elementor-icon-list-items{-webkit-box-pack:end;-ms-flex-pack:end;justify-content:flex-end}.elementor-widget.elementor-mobile-align-right .elementor-icon-list-item,.elementor-widget.elementor-mobile-align-right .elementor-icon-list-item a{-webkit-box-pack:end;-ms-flex-pack:end;justify-content:flex-end;text-align:right}.elementor-widget:not(.elementor-mobile-align-right) .elementor-icon-list-item:after{left:0}.elementor-widget:not(.elementor-mobile-align-left) .elementor-icon-list-item:after{right:0}}<\/style>\t\t<ul class=\"elementor-icon-list-items\">\n\t\t\t\t\t\t\t<li class=\"elementor-icon-list-item\">\n\t\t\t\t\t\t\t\t\t\t\t<a href=\"tel:03123858191\">\n\n\t\t\t\t\t\t\t\t\t\t\t\t<span class=\"elementor-icon-list-icon\">\n\t\t\t\t\t\t\t<i aria-hidden=\"true\" class=\"fas fa-phone-square-alt\"><\/i>\t\t\t\t\t\t<\/span>\n\t\t\t\t\t\t\t\t\t\t<span class=\"elementor-icon-list-text\">+90 312 385 81 91<\/span>\n\t\t\t\t\t\t\t\t\t\t\t<\/a>\n\t\t\t\t\t\t\t\t\t<\/li>\n\t\t\t\t\t\t\t\t<li class=\"elementor-icon-list-item\">\n\t\t\t\t\t\t\t\t\t\t\t<a href=\"tel:+905303051153\">\n\n\t\t\t\t\t\t\t\t\t\t\t\t<span class=\"elementor-icon-list-icon\">\n\t\t\t\t\t\t\t<i aria-hidden=\"true\" class=\"fas fa-mobile-alt\"><\/i>\t\t\t\t\t\t<\/span>\n\t\t\t\t\t\t\t\t\t\t<span class=\"elementor-icon-list-text\">+90 530 305 11 53<\/span>\n\t\t\t\t\t\t\t\t\t\t\t<\/a>\n\t\t\t\t\t\t\t\t\t<\/li>\n\t\t\t\t\t\t\t\t<li class=\"elementor-icon-list-item\">\n\t\t\t\t\t\t\t\t\t\t\t<a href=\"tel:03123858191\">\n\n\t\t\t\t\t\t\t\t\t\t\t\t<span class=\"elementor-icon-list-icon\">\n\t\t\t\t\t\t\t<i aria-hidden=\"true\" class=\"fas fa-fax\"><\/i>\t\t\t\t\t\t<\/span>\n\t\t\t\t\t\t\t\t\t\t<span class=\"elementor-icon-list-text\">+90 312 385 81 93<\/span>\n\t\t\t\t\t\t\t\t\t\t\t<\/a>\n\t\t\t\t\t\t\t\t\t<\/li>\n\t\t\t\t\t\t\t\t<li class=\"elementor-icon-list-item\">\n\t\t\t\t\t\t\t\t\t\t\t<a href=\"mailto:info@kalelisaft.com\">\n\n\t\t\t\t\t\t\t\t\t\t\t\t<span class=\"elementor-icon-list-icon\">\n\t\t\t\t\t\t\t<i aria-hidden=\"true\" class=\"far fa-envelope\"><\/i>\t\t\t\t\t\t<\/span>\n\t\t\t\t\t\t\t\t\t\t<span class=\"elementor-icon-list-text\">info@kalelisaft.com<\/span>\n\t\t\t\t\t\t\t\t\t\t\t<\/a>\n\t\t\t\t\t\t\t\t\t<\/li>\n\t\t\t\t\t\t\t\t<li class=\"elementor-icon-list-item\">\n\t\t\t\t\t\t\t\t\t\t\t<a href=\"https:\/\/goo.gl\/maps\/s7hHnor7zGLTxnxZ9\">\n\n\t\t\t\t\t\t\t\t\t\t\t\t<span class=\"elementor-icon-list-icon\">\n\t\t\t\t\t\t\t<i aria-hidden=\"true\" class=\"fas fa-map-marker-alt\"><\/i>\t\t\t\t\t\t<\/span>\n\t\t\t\t\t\t\t\t\t\t<span class=\"elementor-icon-list-text\">Ostim OSB 1234. Sokak No:137 06374 <br>Yenimahalle - Ankara \/ T\u00dcRK\u0130YE <\/span>\n\t\t\t\t\t\t\t\t\t\t\t<\/a>\n\t\t\t\t\t\t\t\t\t<\/li>\n\t\t\t\t\t\t<\/ul>\n\t\t\t\t<\/div>\n\t\t\t\t<\/div>\n\t\t\t\t\t<\/div>\n\t\t<\/div>\n\t\t\t\t<div class=\"elementor-column elementor-col-50 elementor-inner-column elementor-element elementor-element-8c27f60\" data-id=\"8c27f60\" data-element_type=\"column\" data-settings=\"{&quot;background_background&quot;:&quot;slideshow&quot;,&quot;background_slideshow_gallery&quot;:[{&quot;id&quot;:729,&quot;url&quot;:&quot;https:\\\/\\\/www.kalelisaft.com\\\/wp-content\\\/uploads\\\/2022\\\/06\\\/bg-about.png&quot;}],&quot;background_slideshow_slide_transition&quot;:&quot;slide_right&quot;,&quot;background_slideshow_slide_duration&quot;:5000,&quot;background_slideshow_transition_duration&quot;:500}\">\n\t\t\t<div class=\"elementor-widget-wrap elementor-element-populated\">\n\t\t\t\t\t\t\t\t<div class=\"elementor-element elementor-element-8ec8efb elementor-widget elementor-widget-text-editor\" data-id=\"8ec8efb\" data-element_type=\"widget\" data-widget_type=\"text-editor.default\">\n\t\t\t\t<div class=\"elementor-widget-container\">\n\t\t\t<style>\/*! elementor - v3.5.0 - 12-12-2021 *\/\n.elementor-widget-text-editor.elementor-drop-cap-view-stacked .elementor-drop-cap{background-color:#818a91;color:#fff}.elementor-widget-text-editor.elementor-drop-cap-view-framed .elementor-drop-cap{color:#818a91;border:3px solid;background-color:transparent}.elementor-widget-text-editor:not(.elementor-drop-cap-view-default) .elementor-drop-cap{margin-top:8px}.elementor-widget-text-editor:not(.elementor-drop-cap-view-default) .elementor-drop-cap-letter{width:1em;height:1em}.elementor-widget-text-editor .elementor-drop-cap{float:left;text-align:center;line-height:1;font-size:50px}.elementor-widget-text-editor .elementor-drop-cap-letter{display:inline-block}<\/style>\t\t\t\t\t\t\t\t\t\t<\/div>\n\t\t\t\t<\/div>\n\t\t\t\t\t<\/div>\n\t\t<\/div>\n\t\t\t\t\t\t\t<\/div>\n\t\t<\/section>\n\t\t\t\t\t<\/div>\n\t\t<\/div>\n\t\t\t\t\t\t\t<\/div>\n\t\t<\/section>\n\t\t\t\t<section class=\"elementor-section elementor-top-section elementor-element elementor-element-23d2418 elementor-section-boxed elementor-section-height-default elementor-section-height-default\" data-id=\"23d2418\" data-element_type=\"section\" data-settings=\"{&quot;background_background&quot;:&quot;classic&quot;}\">\n\t\t\t\t\t\t\t<div class=\"elementor-background-overlay\"><\/div>\n\t\t\t\t\t\t\t<div class=\"elementor-container elementor-column-gap-default\">\n\t\t\t\t\t<div class=\"elementor-column elementor-col-100 elementor-top-column elementor-element elementor-element-4245df8\" data-id=\"4245df8\" data-element_type=\"column\">\n\t\t\t<div class=\"elementor-widget-wrap elementor-element-populated\">\n\t\t\t\t\t\t\t\t<section class=\"elementor-section elementor-inner-section elementor-element elementor-element-c3da774 elementor-section-full_width elementor-section-height-default elementor-section-height-default\" data-id=\"c3da774\" data-element_type=\"section\">\n\t\t\t\t\t\t<div class=\"elementor-container elementor-column-gap-default\">\n\t\t\t\t\t<div class=\"elementor-column elementor-col-100 elementor-inner-column elementor-element elementor-element-c912449\" data-id=\"c912449\" data-element_type=\"column\">\n\t\t\t<div class=\"elementor-widget-wrap elementor-element-populated\">\n\t\t\t\t\t\t\t\t<div class=\"elementor-element elementor-element-e5be6bd elementor-widget elementor-widget-spacer\" data-id=\"e5be6bd\" data-element_type=\"widget\" data-widget_type=\"spacer.default\">\n\t\t\t\t<div class=\"elementor-widget-container\">\n\t\t\t\t\t<div class=\"elementor-spacer\">\n\t\t\t<div class=\"elementor-spacer-inner\"><\/div>\n\t\t<\/div>\n\t\t\t\t<\/div>\n\t\t\t\t<\/div>\n\t\t\t\t\t<\/div>\n\t\t<\/div>\n\t\t\t\t\t\t\t<\/div>\n\t\t<\/section>\n\t\t\t\t<div class=\"elementor-element elementor-element-43a69b3 elementor-widget elementor-widget-text-editor\" data-id=\"43a69b3\" data-element_type=\"widget\" data-widget_type=\"text-editor.default\">\n\t\t\t\t<div class=\"elementor-widget-container\">\n\t\t\t\t\t\t\t<iframe src=\"https:\/\/www.google.com\/maps\/embed?pb=!1m14!1m8!1m3!1d12228.948537366598!2d32.7481631!3d39.9808057!3m2!1i1024!2i768!4f13.1!3m3!1m2!1s0x0%3A0x84a758c34255f2ed!2sKaleli%20%C5%9Eaft%20ve%20Metal%20San.%20Tic.%20Ltd.%20%C5%9Eti.!5e0!3m2!1str!2str!4v1672125655234!5m2!1str!2str\" width=\"800\" height=\"400\" style=\"border:0;\" allowfullscreen=\"\" loading=\"lazy\" referrerpolicy=\"no-referrer-when-downgrade\"><\/iframe>\t\t\t\t\t\t<\/div>\n\t\t\t\t<\/div>\n\t\t\t\t\t<\/div>\n\t\t<\/div>\n\t\t\t\t\t\t\t<\/div>\n\t\t<\/section>\n\t\t\t\t\t\t<\/div>\n\t\t\t\t\t<\/div>\n\t\t","protected":false},"excerpt":{"rendered":"<p>\u0130leti\u015fim \u0130leti\u015fim Bilgisi +90 312 385 81 91 +90 530 305 11 53 +90 312 385 81 93 info@kalelisaft.com Ostim OSB 1234. Sokak No:137 06374 Yenimahalle &#8211; Ankara \/ T\u00dcRK\u0130YE<\/p>","protected":false},"author":5,"featured_media":0,"parent":0,"menu_order":0,"comment_status":"closed","ping_status":"closed","template":"","meta":[],"_links":{"self":[{"href":"https:\/\/www.kalelisaft.com\/en\/wp-json\/wp\/v2\/pages\/403"}],"collection":[{"href":"https:\/\/www.kalelisaft.com\/en\/wp-json\/wp\/v2\/pages"}],"about":[{"href":"https:\/\/www.kalelisaft.com\/en\/wp-json\/wp\/v2\/types\/page"}],"author":[{"embeddable":true,"href":"https:\/\/www.kalelisaft.com\/en\/wp-json\/wp\/v2\/users\/5"}],"replies":[{"embeddable":true,"href":"https:\/\/www.kalelisaft.com\/en\/wp-json\/wp\/v2\/comments?post=403"}],"version-history":[{"count":68,"href":"https:\/\/www.kalelisaft.com\/en\/wp-json\/wp\/v2\/pages\/403\/revisions"}],"predecessor-version":[{"id":1848,"href":"https:\/\/www.kalelisaft.com\/en\/wp-json\/wp\/v2\/pages\/403\/revisions\/1848"}],"wp:attachment":[{"href":"https:\/\/www.kalelisaft.com\/en\/wp-json\/wp\/v2\/media?parent=403"}],"curies":[{"name":"wp","href":"https:\/\/api.w.org\/{rel}","templated":true}]}}