{"id":2030,"date":"2026-01-21T10:16:26","date_gmt":"2026-01-21T10:16:26","guid":{"rendered":"https:\/\/www.kalelisaft.com\/?page_id=2030"},"modified":"2026-01-21T10:24:46","modified_gmt":"2026-01-21T10:24:46","slug":"kvk-politikasi","status":"publish","type":"page","link":"https:\/\/www.kalelisaft.com\/en\/kvk-politikasi\/","title":{"rendered":"PERSONAL DATA PROTECTION AND PROCESSING POLICY"},"content":{"rendered":"\t\t<div data-elementor-type=\"wp-page\" data-elementor-id=\"2030\" class=\"elementor elementor-2030\" data-elementor-settings=\"[]\">\n\t\t\t\t\t\t\t<div class=\"elementor-section-wrap\">\n\t\t\t\t\t\t\t<section class=\"elementor-section elementor-top-section elementor-element elementor-element-b6fae02 elementor-section-stretched elementor-section-boxed elementor-section-height-default elementor-section-height-default\" data-id=\"b6fae02\" data-element_type=\"section\" data-settings=\"{&quot;background_background&quot;:&quot;classic&quot;,&quot;stretch_section&quot;:&quot;section-stretched&quot;}\">\n\t\t\t\t\t\t<div class=\"elementor-container elementor-column-gap-default\">\n\t\t\t\t\t<div class=\"elementor-column elementor-col-50 elementor-top-column elementor-element elementor-element-30c62b8\" data-id=\"30c62b8\" data-element_type=\"column\">\n\t\t\t<div class=\"elementor-widget-wrap elementor-element-populated\">\n\t\t\t\t\t\t\t\t<div class=\"elementor-element elementor-element-11aeaf2 elementor-widget elementor-widget-heading\" data-id=\"11aeaf2\" data-element_type=\"widget\" data-widget_type=\"heading.default\">\n\t\t\t\t<div class=\"elementor-widget-container\">\n\t\t\t<style>\/*! elementor - v3.5.0 - 12-12-2021 *\/\n.elementor-heading-title{padding:0;margin:0;line-height:1}.elementor-widget-heading .elementor-heading-title[class*=elementor-size-]>a{color:inherit;font-size:inherit;line-height:inherit}.elementor-widget-heading .elementor-heading-title.elementor-size-small{font-size:15px}.elementor-widget-heading .elementor-heading-title.elementor-size-medium{font-size:19px}.elementor-widget-heading .elementor-heading-title.elementor-size-large{font-size:29px}.elementor-widget-heading .elementor-heading-title.elementor-size-xl{font-size:39px}.elementor-widget-heading .elementor-heading-title.elementor-size-xxl{font-size:59px}<\/style><h4 class=\"elementor-heading-title elementor-size-default\">Ki\u015fisel Verilerin Korunmas\u0131 ve \u0130\u015flenmesi Politikas\u0131<\/h4>\t\t<\/div>\n\t\t\t\t<\/div>\n\t\t\t\t\t<\/div>\n\t\t<\/div>\n\t\t\t\t<div class=\"elementor-column elementor-col-50 elementor-top-column elementor-element elementor-element-18ebfe7\" data-id=\"18ebfe7\" data-element_type=\"column\">\n\t\t\t<div class=\"elementor-widget-wrap\">\n\t\t\t\t\t\t\t\t\t<\/div>\n\t\t<\/div>\n\t\t\t\t\t\t\t<\/div>\n\t\t<\/section>\n\t\t\t\t<section class=\"elementor-section elementor-top-section elementor-element elementor-element-ab71d60 elementor-section-boxed elementor-section-height-default elementor-section-height-default\" data-id=\"ab71d60\" data-element_type=\"section\">\n\t\t\t\t\t\t<div class=\"elementor-container elementor-column-gap-default\">\n\t\t\t\t\t<div class=\"elementor-column elementor-col-100 elementor-top-column elementor-element elementor-element-15dfa6e\" data-id=\"15dfa6e\" data-element_type=\"column\">\n\t\t\t<div class=\"elementor-widget-wrap\">\n\t\t\t\t\t\t\t\t\t<\/div>\n\t\t<\/div>\n\t\t\t\t\t\t\t<\/div>\n\t\t<\/section>\n\t\t\t\t<section class=\"elementor-section elementor-top-section elementor-element elementor-element-2f680b4 elementor-section-boxed elementor-section-height-default elementor-section-height-default\" data-id=\"2f680b4\" data-element_type=\"section\">\n\t\t\t\t\t\t<div class=\"elementor-container elementor-column-gap-default\">\n\t\t\t\t\t<div class=\"elementor-column elementor-col-100 elementor-top-column elementor-element elementor-element-3649800\" data-id=\"3649800\" data-element_type=\"column\">\n\t\t\t<div class=\"elementor-widget-wrap elementor-element-populated\">\n\t\t\t\t\t\t\t\t<div class=\"elementor-element elementor-element-1de8e8b elementor-invisible elementor-widget elementor-widget-text-editor\" data-id=\"1de8e8b\" data-element_type=\"widget\" data-settings=\"{&quot;_animation&quot;:&quot;fadeInUp&quot;,&quot;_animation_delay&quot;:220}\" data-widget_type=\"text-editor.default\">\n\t\t\t\t<div class=\"elementor-widget-container\">\n\t\t\t<style>\/*! elementor - v3.5.0 - 12-12-2021 *\/\n.elementor-widget-text-editor.elementor-drop-cap-view-stacked .elementor-drop-cap{background-color:#818a91;color:#fff}.elementor-widget-text-editor.elementor-drop-cap-view-framed .elementor-drop-cap{color:#818a91;border:3px solid;background-color:transparent}.elementor-widget-text-editor:not(.elementor-drop-cap-view-default) .elementor-drop-cap{margin-top:8px}.elementor-widget-text-editor:not(.elementor-drop-cap-view-default) .elementor-drop-cap-letter{width:1em;height:1em}.elementor-widget-text-editor .elementor-drop-cap{float:left;text-align:center;line-height:1;font-size:50px}.elementor-widget-text-editor .elementor-drop-cap-letter{display:inline-block}<\/style>\t\t\t\t<p align=\"center\" style=\"text-align:center\"><b><span style=\"font-size:14.0pt;line-height:107%\">&nbsp;<\/span><\/b><\/p><p style=\"text-align:justify;text-indent:35.4pt\"><span style=\"font-size:12.0pt;line-height:107%\">Kaleli \u015eaft ve Metal Sanayi ve\nTicaret Limited \u015eirketi olarak; <o:p><\/o:p><\/span><\/p><p style=\"text-align:justify\"><span style=\"font-size:12.0pt;\nline-height:107%\">6698 say\u0131l\u0131 Ki\u015fisel Verilerin Korunmas\u0131 Kanunu ve ilgili\nmevzuat h\u00fck\u00fcmlerine tam uyum sa\u011flamay\u0131,<o:p><\/o:p><\/span><\/p><ul style=\"margin-top:0cm\" type=\"disc\">\n <li style=\"text-align:justify;mso-list:l0 level1 lfo1;\n     tab-stops:list 36.0pt\"><span style=\"font-size:12.0pt;line-height:107%\">Ki\u015fisel\n     verileri hukuka ve d\u00fcr\u00fcstl\u00fck kurallar\u0131na uygun, do\u011fru, g\u00fcncel, belirli,\n     a\u00e7\u0131k ve me\u015fru ama\u00e7larla i\u015flemeyi,<o:p><\/o:p><\/span><\/li>\n <li style=\"text-align:justify;mso-list:l0 level1 lfo1;\n     tab-stops:list 36.0pt\"><span style=\"font-size:12.0pt;line-height:107%\">Ki\u015fisel\n     verileri i\u015flendikleri ama\u00e7la ba\u011flant\u0131l\u0131, s\u0131n\u0131rl\u0131 ve \u00f6l\u00e7\u00fcl\u00fc \u015fekilde\n     kullanmay\u0131,<o:p><\/o:p><\/span><\/li>\n <li style=\"text-align:justify;mso-list:l0 level1 lfo1;\n     tab-stops:list 36.0pt\"><span style=\"font-size:12.0pt;line-height:107%\">Ki\u015fisel\n     verileri yaln\u0131zca mevzuatta \u00f6ng\u00f6r\u00fclen veya i\u015fleme amac\u0131n\u0131n gerektirdi\u011fi\n     s\u00fcre boyunca muhafaza etmeyi,<o:p><\/o:p><\/span><\/li>\n <li style=\"text-align:justify;mso-list:l0 level1 lfo1;\n     tab-stops:list 36.0pt\"><span style=\"font-size:12.0pt;line-height:107%\">\u00c7al\u0131\u015fanlar,\n     \u00e7al\u0131\u015fan adaylar\u0131, m\u00fc\u015fteriler, tedarik\u00e7iler, ziyaret\u00e7iler ve \u00fc\u00e7\u00fcnc\u00fc\n     ki\u015filere ait ki\u015fisel verilerin gizlili\u011fini ve g\u00fcvenli\u011fini sa\u011flamay\u0131,<o:p><\/o:p><\/span><\/li>\n <li style=\"text-align:justify;mso-list:l0 level1 lfo1;\n     tab-stops:list 36.0pt\"><span style=\"font-size:12.0pt;line-height:107%\">Ki\u015fisel\n     verilere yetkisiz eri\u015fimi, hukuka ayk\u0131r\u0131 i\u015flemeyi ve veri kay\u0131plar\u0131n\u0131\n     \u00f6nlemek amac\u0131yla gerekli teknik ve idari tedbirleri almay\u0131,<o:p><\/o:p><\/span><\/li>\n <li style=\"text-align:justify;mso-list:l0 level1 lfo1;\n     tab-stops:list 36.0pt\"><span style=\"font-size:12.0pt;line-height:107%\">\u00c7al\u0131\u015fanlar\u0131m\u0131z\u0131\n     ki\u015fisel verilerin korunmas\u0131 konusunda d\u00fczenli olarak bilgilendirmeyi ve\n     fark\u0131ndal\u0131klar\u0131n\u0131 art\u0131rmay\u0131,<o:p><\/o:p><\/span><\/li>\n <li style=\"text-align:justify;mso-list:l0 level1 lfo1;\n     tab-stops:list 36.0pt\"><span style=\"font-size:12.0pt;line-height:107%\">Ki\u015fisel\n     verilerin i\u015flenmesi s\u00fcre\u00e7lerinde \u015feffafl\u0131\u011f\u0131 esas almay\u0131 ve veri\n     sahiplerini a\u00e7\u0131k, anla\u015f\u0131l\u0131r \u015fekilde bilgilendirmeyi,<o:p><\/o:p><\/span><\/li>\n <li style=\"text-align:justify;mso-list:l0 level1 lfo1;\n     tab-stops:list 36.0pt\"><span style=\"font-size:12.0pt;line-height:107%\">Ki\u015fisel\n     verileri yaln\u0131zca hukuki y\u00fck\u00fcml\u00fcl\u00fckler, s\u00f6zle\u015fmesel gereklilikler ve me\u015fru\n     ama\u00e7lar do\u011frultusunda \u00fc\u00e7\u00fcnc\u00fc ki\u015filere aktarmay\u0131,<o:p><\/o:p><\/span><\/li>\n <li style=\"text-align:justify;mso-list:l0 level1 lfo1;\n     tab-stops:list 36.0pt\"><span style=\"font-size:12.0pt;line-height:107%\">Yurtd\u0131\u015f\u0131na\n     yap\u0131labilecek veri aktar\u0131mlar\u0131n\u0131, yaln\u0131zca mevzuatta \u00f6ng\u00f6r\u00fclen g\u00fcvenceler\n     sa\u011fland\u0131\u011f\u0131 takdirde ger\u00e7ekle\u015ftirmeyi,<o:p><\/o:p><\/span><\/li>\n <li style=\"text-align:justify;mso-list:l0 level1 lfo1;\n     tab-stops:list 36.0pt\"><span style=\"font-size:12.0pt;line-height:107%\">Tesislerimizde\n     g\u00fcvenlik amac\u0131yla yap\u0131lan kamera izleme faaliyetlerini \u00f6l\u00e7\u00fcl\u00fcl\u00fck ilkesine\n     uygun \u015fekilde y\u00fcr\u00fctmeyi ve kay\u0131tlar\u0131 s\u0131n\u0131rl\u0131 s\u00fcreyle saklamay\u0131,<o:p><\/o:p><\/span><\/li>\n <li style=\"text-align:justify;mso-list:l0 level1 lfo1;\n     tab-stops:list 36.0pt\"><span style=\"font-size:12.0pt;line-height:107%\">\u0130nternet\n     ortam\u0131nda ger\u00e7ekle\u015ftirilen faaliyetlerde ki\u015fisel verilerin korunmas\u0131na ve\n     \u00e7erez uygulamalar\u0131nda \u015feffafl\u0131\u011fa \u00f6nem vermeyi,<o:p><\/o:p><\/span><\/li>\n <li style=\"text-align:justify;mso-list:l0 level1 lfo1;\n     tab-stops:list 36.0pt\"><span style=\"font-size:12.0pt;line-height:107%\">Olas\u0131\n     veri ihlallerini en k\u0131sa s\u00fcrede tespit ederek gerekli bildirimleri yasal\n     s\u00fcreler i\u00e7erisinde ger\u00e7ekle\u015ftirmeyi,<o:p><\/o:p><\/span><\/li>\n <li style=\"text-align:justify;mso-list:l0 level1 lfo1;\n     tab-stops:list 36.0pt\"><span style=\"font-size:12.0pt;line-height:107%\">Ki\u015fisel\n     verilerin korunmas\u0131na ili\u015fkin s\u00fcre\u00e7leri d\u00fczenli olarak g\u00f6zden ge\u00e7irmeyi ve\n     s\u00fcrekli iyile\u015ftirmeyi<o:p><\/o:p><\/span><\/li>\n<\/ul><p style=\"text-align:justify\"><span style=\"font-size:12.0pt;\nline-height:107%\">taahh\u00fct etmekteyiz.<o:p><\/o:p><\/span><\/p><p>\n\n\n\n\n\n\n\n\n\n\n\n<\/p><p style=\"text-align:justify;text-indent:35.4pt\"><span style=\"font-size:12.0pt;line-height:107%\">Kaleli \u015eaft ve Metal Sanayi ve\nTicaret Limited \u015eirketi, ki\u015fisel verilerin korunmas\u0131n\u0131 yaln\u0131zca yasal bir\ny\u00fck\u00fcml\u00fcl\u00fck olarak de\u011fil; kurumsal itibar\u0131n, m\u00fc\u015fteri g\u00fcveninin ve s\u00fcrd\u00fcr\u00fclebilir\ni\u015f anlay\u0131\u015f\u0131n\u0131n ayr\u0131lmaz bir par\u00e7as\u0131 olarak kabul eder.<o:p><\/o:p><\/span><\/p>\t\t\t\t\t\t<\/div>\n\t\t\t\t<\/div>\n\t\t\t\t\t<\/div>\n\t\t<\/div>\n\t\t\t\t\t\t\t<\/div>\n\t\t<\/section>\n\t\t\t\t\t\t<\/div>\n\t\t\t\t\t<\/div>\n\t\t","protected":false},"excerpt":{"rendered":"<p>Ki\u015fisel Verilerin Korunmas\u0131 ve \u0130\u015flenmesi Politikas\u0131 &nbsp; Kaleli \u015eaft ve Metal Sanayi ve Ticaret Limited \u015eirketi olarak; 6698 say\u0131l\u0131 Ki\u015fisel Verilerin Korunmas\u0131 Kanunu ve ilgili mevzuat h\u00fck\u00fcmlerine tam uyum sa\u011flamay\u0131, Ki\u015fisel verileri hukuka ve d\u00fcr\u00fcstl\u00fck kurallar\u0131na uygun, do\u011fru, g\u00fcncel, belirli, a\u00e7\u0131k ve me\u015fru ama\u00e7larla i\u015flemeyi, Ki\u015fisel verileri i\u015flendikleri ama\u00e7la ba\u011flant\u0131l\u0131, s\u0131n\u0131rl\u0131 ve \u00f6l\u00e7\u00fcl\u00fc \u015fekilde kullanmay\u0131, [&hellip;]<\/p>\n","protected":false},"author":3,"featured_media":0,"parent":0,"menu_order":0,"comment_status":"closed","ping_status":"closed","template":"","meta":[],"_links":{"self":[{"href":"https:\/\/www.kalelisaft.com\/en\/wp-json\/wp\/v2\/pages\/2030"}],"collection":[{"href":"https:\/\/www.kalelisaft.com\/en\/wp-json\/wp\/v2\/pages"}],"about":[{"href":"https:\/\/www.kalelisaft.com\/en\/wp-json\/wp\/v2\/types\/page"}],"author":[{"embeddable":true,"href":"https:\/\/www.kalelisaft.com\/en\/wp-json\/wp\/v2\/users\/3"}],"replies":[{"embeddable":true,"href":"https:\/\/www.kalelisaft.com\/en\/wp-json\/wp\/v2\/comments?post=2030"}],"version-history":[{"count":11,"href":"https:\/\/www.kalelisaft.com\/en\/wp-json\/wp\/v2\/pages\/2030\/revisions"}],"predecessor-version":[{"id":2042,"href":"https:\/\/www.kalelisaft.com\/en\/wp-json\/wp\/v2\/pages\/2030\/revisions\/2042"}],"wp:attachment":[{"href":"https:\/\/www.kalelisaft.com\/en\/wp-json\/wp\/v2\/media?parent=2030"}],"curies":[{"name":"wp","href":"https:\/\/api.w.org\/{rel}","templated":true}]}}