{"id":1241,"date":"2022-06-13T08:20:35","date_gmt":"2022-06-13T08:20:35","guid":{"rendered":"https:\/\/www.kalelisaft.com\/?page_id=1241"},"modified":"2023-08-18T07:39:17","modified_gmt":"2023-08-18T07:39:17","slug":"faaliyet-alanlarimiz","status":"publish","type":"page","link":"https:\/\/www.kalelisaft.com\/en\/faaliyet-alanlarimiz\/","title":{"rendered":"CAPABILITIES"},"content":{"rendered":"\t\t<div data-elementor-type=\"wp-page\" data-elementor-id=\"1241\" class=\"elementor elementor-1241\" data-elementor-settings=\"[]\">\n\t\t\t\t\t\t\t<div class=\"elementor-section-wrap\">\n\t\t\t\t\t\t\t<section class=\"elementor-section elementor-top-section elementor-element elementor-element-b6fae02 elementor-section-stretched elementor-section-boxed elementor-section-height-default elementor-section-height-default\" data-id=\"b6fae02\" data-element_type=\"section\" data-settings=\"{&quot;background_background&quot;:&quot;classic&quot;,&quot;stretch_section&quot;:&quot;section-stretched&quot;}\">\n\t\t\t\t\t\t<div class=\"elementor-container elementor-column-gap-default\">\n\t\t\t\t\t<div class=\"elementor-column elementor-col-50 elementor-top-column elementor-element elementor-element-30c62b8\" data-id=\"30c62b8\" data-element_type=\"column\">\n\t\t\t<div class=\"elementor-widget-wrap elementor-element-populated\">\n\t\t\t\t\t\t\t\t<div class=\"elementor-element elementor-element-11aeaf2 elementor-widget elementor-widget-heading\" data-id=\"11aeaf2\" data-element_type=\"widget\" data-widget_type=\"heading.default\">\n\t\t\t\t<div class=\"elementor-widget-container\">\n\t\t\t<style>\/*! elementor - v3.5.0 - 12-12-2021 *\/\n.elementor-heading-title{padding:0;margin:0;line-height:1}.elementor-widget-heading .elementor-heading-title[class*=elementor-size-]>a{color:inherit;font-size:inherit;line-height:inherit}.elementor-widget-heading .elementor-heading-title.elementor-size-small{font-size:15px}.elementor-widget-heading .elementor-heading-title.elementor-size-medium{font-size:19px}.elementor-widget-heading .elementor-heading-title.elementor-size-large{font-size:29px}.elementor-widget-heading .elementor-heading-title.elementor-size-xl{font-size:39px}.elementor-widget-heading .elementor-heading-title.elementor-size-xxl{font-size:59px}<\/style><h4 class=\"elementor-heading-title elementor-size-default\">Faaliyet Alanlar\u0131<\/h4>\t\t<\/div>\n\t\t\t\t<\/div>\n\t\t\t\t\t<\/div>\n\t\t<\/div>\n\t\t\t\t<div class=\"elementor-column elementor-col-50 elementor-top-column elementor-element elementor-element-18ebfe7\" data-id=\"18ebfe7\" data-element_type=\"column\">\n\t\t\t<div class=\"elementor-widget-wrap\">\n\t\t\t\t\t\t\t\t\t<\/div>\n\t\t<\/div>\n\t\t\t\t\t\t\t<\/div>\n\t\t<\/section>\n\t\t\t\t<section class=\"elementor-section elementor-top-section elementor-element elementor-element-232e943 elementor-section-boxed elementor-section-height-default elementor-section-height-default\" data-id=\"232e943\" data-element_type=\"section\" data-settings=\"{&quot;background_background&quot;:&quot;classic&quot;}\">\n\t\t\t\t\t\t<div class=\"elementor-container elementor-column-gap-default\">\n\t\t\t\t\t<div class=\"elementor-column elementor-col-100 elementor-top-column elementor-element elementor-element-da93c4e\" data-id=\"da93c4e\" data-element_type=\"column\">\n\t\t\t<div class=\"elementor-widget-wrap elementor-element-populated\">\n\t\t\t\t\t\t\t\t<div class=\"elementor-element elementor-element-b0205ea elementor-widget elementor-widget-heading\" data-id=\"b0205ea\" data-element_type=\"widget\" data-widget_type=\"heading.default\">\n\t\t\t\t<div class=\"elementor-widget-container\">\n\t\t\t<h3 class=\"elementor-heading-title elementor-size-default\">Faaliyet Alanlar\u0131<\/h3>\t\t<\/div>\n\t\t\t\t<\/div>\n\t\t\t\t<section class=\"elementor-section elementor-inner-section elementor-element elementor-element-0898ad8 elementor-section-boxed elementor-section-height-default elementor-section-height-default\" data-id=\"0898ad8\" data-element_type=\"section\">\n\t\t\t\t\t\t<div class=\"elementor-container elementor-column-gap-default\">\n\t\t\t\t\t<div class=\"elementor-column elementor-col-20 elementor-inner-column elementor-element elementor-element-042813b\" data-id=\"042813b\" data-element_type=\"column\">\n\t\t\t<div class=\"elementor-widget-wrap elementor-element-populated\">\n\t\t\t\t\t\t\t\t<div class=\"elementor-element elementor-element-40a4cf4 elementor-invisible elementor-widget elementor-widget-tfimagebox\" data-id=\"40a4cf4\" data-element_type=\"widget\" data-settings=\"{&quot;_animation&quot;:&quot;fadeInUp&quot;}\" data-widget_type=\"tfimagebox.default\">\n\t\t\t\t<div class=\"elementor-widget-container\">\n\t\t\t<div class=\"tf-imagebox style-3\">\r\n\t\t\t\t<div class=\"image\"><img width=\"1198\" height=\"1601\" src=\"https:\/\/www.kalelisaft.com\/wp-content\/uploads\/2022\/12\/IMG_8106-scaled-e1672136069406.jpg\" class=\"attachment-full size-full\" alt=\"\" loading=\"lazy\" srcset=\"https:\/\/www.kalelisaft.com\/wp-content\/uploads\/2022\/12\/IMG_8106-scaled-e1672136069406.jpg 1198w, https:\/\/www.kalelisaft.com\/wp-content\/uploads\/2022\/12\/IMG_8106-scaled-e1672136069406-224x300.jpg 224w, https:\/\/www.kalelisaft.com\/wp-content\/uploads\/2022\/12\/IMG_8106-scaled-e1672136069406-766x1024.jpg 766w, https:\/\/www.kalelisaft.com\/wp-content\/uploads\/2022\/12\/IMG_8106-scaled-e1672136069406-768x1026.jpg 768w, https:\/\/www.kalelisaft.com\/wp-content\/uploads\/2022\/12\/IMG_8106-scaled-e1672136069406-1149x1536.jpg 1149w, https:\/\/www.kalelisaft.com\/wp-content\/uploads\/2022\/12\/IMG_8106-scaled-e1672136069406-9x12.jpg 9w\" sizes=\"(max-width: 1198px) 100vw, 1198px\" \/> <div class=\"image-overlay fade-in\"><\/div><\/div>\r\n\t\t\t\t<div class=\"content-only \"> <h4 class=\"title\"><a href=\"https:\/\/www.kalelisaft.com\/talasli-imalat\/\">Tala\u015fl\u0131 \u0130malat<\/a><\/h4><\/div>\r\n\t\t\t\t<div class=\"content \"> <h4 class=\"title\"><a href=\"https:\/\/www.kalelisaft.com\/talasli-imalat\/\">Tala\u015fl\u0131 \u0130malat<\/a><\/h4>  <div class=\"tf-button-container \"><a class=\"tf-button bt_icon_after hover-default\" href=\"https:\/\/www.kalelisaft.com\/talasli-imalat\/\">devam\u0131 <i class=\"\"><\/i><\/a><\/div><\/div>\r\n\t\t\t<\/div>\t\t<\/div>\n\t\t\t\t<\/div>\n\t\t\t\t\t<\/div>\n\t\t<\/div>\n\t\t\t\t<div class=\"elementor-column elementor-col-20 elementor-inner-column elementor-element elementor-element-e076e6f\" data-id=\"e076e6f\" data-element_type=\"column\">\n\t\t\t<div class=\"elementor-widget-wrap elementor-element-populated\">\n\t\t\t\t\t\t\t\t<div class=\"elementor-element elementor-element-396e0f3 elementor-invisible elementor-widget elementor-widget-tfimagebox\" data-id=\"396e0f3\" data-element_type=\"widget\" data-settings=\"{&quot;_animation&quot;:&quot;fadeInUp&quot;}\" data-widget_type=\"tfimagebox.default\">\n\t\t\t\t<div class=\"elementor-widget-container\">\n\t\t\t<div class=\"tf-imagebox style-3\">\r\n\t\t\t\t<div class=\"image\"><img width=\"600\" height=\"800\" src=\"https:\/\/www.kalelisaft.com\/wp-content\/uploads\/2022\/06\/MIG.jpg\" class=\"attachment-full size-full\" alt=\"\" loading=\"lazy\" srcset=\"https:\/\/www.kalelisaft.com\/wp-content\/uploads\/2022\/06\/MIG.jpg 600w, https:\/\/www.kalelisaft.com\/wp-content\/uploads\/2022\/06\/MIG-225x300.jpg 225w, https:\/\/www.kalelisaft.com\/wp-content\/uploads\/2022\/06\/MIG-9x12.jpg 9w\" sizes=\"(max-width: 600px) 100vw, 600px\" \/> <div class=\"image-overlay fade-in\"><\/div><\/div>\r\n\t\t\t\t<div class=\"content-only \"> <h4 class=\"title\"><a href=\"https:\/\/www.kalelisaft.com\/mig-mag-ve-tig-kaynagi\/\">M\u0131g-Mag ve T\u0131g Kayna\u011f\u0131<\/a><\/h4><\/div>\r\n\t\t\t\t<div class=\"content \"> <h4 class=\"title\"><a href=\"https:\/\/www.kalelisaft.com\/mig-mag-ve-tig-kaynagi\/\">M\u0131g-Mag ve T\u0131g Kayna\u011f\u0131<\/a><\/h4>  <div class=\"tf-button-container \"><a class=\"tf-button bt_icon_after hover-default\" href=\"https:\/\/www.kalelisaft.com\/mig-mag-ve-tig-kaynagi\/\">devam\u0131 <i class=\"\"><\/i><\/a><\/div><\/div>\r\n\t\t\t<\/div>\t\t<\/div>\n\t\t\t\t<\/div>\n\t\t\t\t\t<\/div>\n\t\t<\/div>\n\t\t\t\t<div class=\"elementor-column elementor-col-20 elementor-inner-column elementor-element elementor-element-e40e627\" data-id=\"e40e627\" data-element_type=\"column\">\n\t\t\t<div class=\"elementor-widget-wrap elementor-element-populated\">\n\t\t\t\t\t\t\t\t<div class=\"elementor-element elementor-element-3fb906b elementor-invisible elementor-widget elementor-widget-tfimagebox\" data-id=\"3fb906b\" data-element_type=\"widget\" data-settings=\"{&quot;_animation&quot;:&quot;fadeInUp&quot;}\" data-widget_type=\"tfimagebox.default\">\n\t\t\t\t<div class=\"elementor-widget-container\">\n\t\t\t<div class=\"tf-imagebox style-3\">\r\n\t\t\t\t<div class=\"image\"><img width=\"1203\" height=\"1600\" src=\"https:\/\/www.kalelisaft.com\/wp-content\/uploads\/2022\/12\/Foto-1-2-scaled-e1692343952201.jpg\" class=\"attachment-full size-full\" alt=\"\" loading=\"lazy\" srcset=\"https:\/\/www.kalelisaft.com\/wp-content\/uploads\/2022\/12\/Foto-1-2-scaled-e1692343952201.jpg 1203w, https:\/\/www.kalelisaft.com\/wp-content\/uploads\/2022\/12\/Foto-1-2-scaled-e1692343952201-226x300.jpg 226w, https:\/\/www.kalelisaft.com\/wp-content\/uploads\/2022\/12\/Foto-1-2-scaled-e1692343952201-770x1024.jpg 770w, https:\/\/www.kalelisaft.com\/wp-content\/uploads\/2022\/12\/Foto-1-2-scaled-e1692343952201-768x1021.jpg 768w, https:\/\/www.kalelisaft.com\/wp-content\/uploads\/2022\/12\/Foto-1-2-scaled-e1692343952201-1155x1536.jpg 1155w, https:\/\/www.kalelisaft.com\/wp-content\/uploads\/2022\/12\/Foto-1-2-scaled-e1692343952201-9x12.jpg 9w\" sizes=\"(max-width: 1203px) 100vw, 1203px\" \/> <div class=\"image-overlay fade-in\"><\/div><\/div>\r\n\t\t\t\t<div class=\"content-only \"> <h4 class=\"title\"><a href=\"https:\/\/www.kalelisaft.com\/sac-metal-sekillendirme\/\">Metal \u015eekillendirme<\/a><\/h4><\/div>\r\n\t\t\t\t<div class=\"content \"> <h4 class=\"title\"><a href=\"https:\/\/www.kalelisaft.com\/sac-metal-sekillendirme\/\">Metal \u015eekillendirme<\/a><\/h4>  <div class=\"tf-button-container \"><a class=\"tf-button bt_icon_after hover-default\" href=\"https:\/\/www.kalelisaft.com\/sac-metal-sekillendirme\/\">devam\u0131 <i class=\"\"><\/i><\/a><\/div><\/div>\r\n\t\t\t<\/div>\t\t<\/div>\n\t\t\t\t<\/div>\n\t\t\t\t\t<\/div>\n\t\t<\/div>\n\t\t\t\t<div class=\"elementor-column elementor-col-20 elementor-inner-column elementor-element elementor-element-9ce4757\" data-id=\"9ce4757\" data-element_type=\"column\">\n\t\t\t<div class=\"elementor-widget-wrap elementor-element-populated\">\n\t\t\t\t\t\t\t\t<div class=\"elementor-element elementor-element-c6526d4 elementor-invisible elementor-widget elementor-widget-tfimagebox\" data-id=\"c6526d4\" data-element_type=\"widget\" data-settings=\"{&quot;_animation&quot;:&quot;fadeInUp&quot;}\" data-widget_type=\"tfimagebox.default\">\n\t\t\t\t<div class=\"elementor-widget-container\">\n\t\t\t<div class=\"tf-imagebox style-3\">\r\n\t\t\t\t<div class=\"image\"><img width=\"600\" height=\"800\" src=\"https:\/\/www.kalelisaft.com\/wp-content\/uploads\/2022\/12\/lazer-markalama-1.jpg\" class=\"attachment-full size-full\" alt=\"\" loading=\"lazy\" srcset=\"https:\/\/www.kalelisaft.com\/wp-content\/uploads\/2022\/12\/lazer-markalama-1.jpg 600w, https:\/\/www.kalelisaft.com\/wp-content\/uploads\/2022\/12\/lazer-markalama-1-225x300.jpg 225w, https:\/\/www.kalelisaft.com\/wp-content\/uploads\/2022\/12\/lazer-markalama-1-9x12.jpg 9w\" sizes=\"(max-width: 600px) 100vw, 600px\" \/> <div class=\"image-overlay fade-in\"><\/div><\/div>\r\n\t\t\t\t<div class=\"content-only \"> <h4 class=\"title\"><a href=\"https:\/\/www.kalelisaft.com\/lazer-markalama-3\/\">Lazer Markalama<\/a><\/h4><\/div>\r\n\t\t\t\t<div class=\"content \"> <h4 class=\"title\"><a href=\"https:\/\/www.kalelisaft.com\/lazer-markalama-3\/\">Lazer Markalama<\/a><\/h4>  <div class=\"tf-button-container \"><a class=\"tf-button bt_icon_after hover-default\" href=\"https:\/\/www.kalelisaft.com\/lazer-markalama-3\/\">devam\u0131 <i class=\"\"><\/i><\/a><\/div><\/div>\r\n\t\t\t<\/div>\t\t<\/div>\n\t\t\t\t<\/div>\n\t\t\t\t\t<\/div>\n\t\t<\/div>\n\t\t\t\t<div class=\"elementor-column elementor-col-20 elementor-inner-column elementor-element elementor-element-ed0b10a\" data-id=\"ed0b10a\" data-element_type=\"column\">\n\t\t\t<div class=\"elementor-widget-wrap elementor-element-populated\">\n\t\t\t\t\t\t\t\t<div class=\"elementor-element elementor-element-c38c704 elementor-invisible elementor-widget elementor-widget-tfimagebox\" data-id=\"c38c704\" data-element_type=\"widget\" data-settings=\"{&quot;_animation&quot;:&quot;fadeInUp&quot;}\" data-widget_type=\"tfimagebox.default\">\n\t\t\t\t<div class=\"elementor-widget-container\">\n\t\t\t<div class=\"tf-imagebox style-3\">\r\n\t\t\t\t<div class=\"image\"><img width=\"1280\" height=\"1708\" src=\"https:\/\/www.kalelisaft.com\/wp-content\/uploads\/2022\/12\/IMG_8036-scaled-e1672136149967.jpg\" class=\"attachment-full size-full\" alt=\"\" loading=\"lazy\" srcset=\"https:\/\/www.kalelisaft.com\/wp-content\/uploads\/2022\/12\/IMG_8036-scaled-e1672136149967.jpg 1280w, https:\/\/www.kalelisaft.com\/wp-content\/uploads\/2022\/12\/IMG_8036-scaled-e1672136149967-225x300.jpg 225w, https:\/\/www.kalelisaft.com\/wp-content\/uploads\/2022\/12\/IMG_8036-scaled-e1672136149967-767x1024.jpg 767w, https:\/\/www.kalelisaft.com\/wp-content\/uploads\/2022\/12\/IMG_8036-scaled-e1672136149967-768x1025.jpg 768w, https:\/\/www.kalelisaft.com\/wp-content\/uploads\/2022\/12\/IMG_8036-scaled-e1672136149967-1151x1536.jpg 1151w, https:\/\/www.kalelisaft.com\/wp-content\/uploads\/2022\/12\/IMG_8036-scaled-e1672136149967-9x12.jpg 9w\" sizes=\"(max-width: 1280px) 100vw, 1280px\" \/> <div class=\"image-overlay fade-in\"><\/div><\/div>\r\n\t\t\t\t<div class=\"content-only \"> <h4 class=\"title\"><a href=\"https:\/\/www.kalelisaft.com\/kalite-kontrol\/\">Kalite Kontrol<\/a><\/h4><\/div>\r\n\t\t\t\t<div class=\"content \"> <h4 class=\"title\"><a href=\"https:\/\/www.kalelisaft.com\/kalite-kontrol\/\">Kalite Kontrol<\/a><\/h4>  <div class=\"tf-button-container \"><a class=\"tf-button bt_icon_after hover-default\" href=\"https:\/\/www.kalelisaft.com\/kalite-kontrol\/\">devam\u0131 <i class=\"\"><\/i><\/a><\/div><\/div>\r\n\t\t\t<\/div>\t\t<\/div>\n\t\t\t\t<\/div>\n\t\t\t\t\t<\/div>\n\t\t<\/div>\n\t\t\t\t\t\t\t<\/div>\n\t\t<\/section>\n\t\t\t\t<div class=\"elementor-element elementor-element-865be13 elementor-widget elementor-widget-spacer\" data-id=\"865be13\" data-element_type=\"widget\" data-widget_type=\"spacer.default\">\n\t\t\t\t<div class=\"elementor-widget-container\">\n\t\t\t\t\t<div class=\"elementor-spacer\">\n\t\t\t<div class=\"elementor-spacer-inner\"><\/div>\n\t\t<\/div>\n\t\t\t\t<\/div>\n\t\t\t\t<\/div>\n\t\t\t\t\t<\/div>\n\t\t<\/div>\n\t\t\t\t\t\t\t<\/div>\n\t\t<\/section>\n\t\t\t\t\t\t<\/div>\n\t\t\t\t\t<\/div>\n\t\t","protected":false},"excerpt":{"rendered":"<p>Faaliyet Alanlar\u0131 Faaliyet Alanlar\u0131 Tala\u015fl\u0131 \u0130malat Tala\u015fl\u0131 \u0130malat devam\u0131 M\u0131g-Mag ve T\u0131g Kayna\u011f\u0131 M\u0131g-Mag ve T\u0131g Kayna\u011f\u0131 devam\u0131 Metal \u015eekillendirme Metal \u015eekillendirme devam\u0131 Lazer Markalama Lazer Markalama devam\u0131 Kalite Kontrol Kalite Kontrol devam\u0131<\/p>","protected":false},"author":5,"featured_media":0,"parent":0,"menu_order":0,"comment_status":"closed","ping_status":"closed","template":"","meta":[],"_links":{"self":[{"href":"https:\/\/www.kalelisaft.com\/en\/wp-json\/wp\/v2\/pages\/1241"}],"collection":[{"href":"https:\/\/www.kalelisaft.com\/en\/wp-json\/wp\/v2\/pages"}],"about":[{"href":"https:\/\/www.kalelisaft.com\/en\/wp-json\/wp\/v2\/types\/page"}],"author":[{"embeddable":true,"href":"https:\/\/www.kalelisaft.com\/en\/wp-json\/wp\/v2\/users\/5"}],"replies":[{"embeddable":true,"href":"https:\/\/www.kalelisaft.com\/en\/wp-json\/wp\/v2\/comments?post=1241"}],"version-history":[{"count":19,"href":"https:\/\/www.kalelisaft.com\/en\/wp-json\/wp\/v2\/pages\/1241\/revisions"}],"predecessor-version":[{"id":1933,"href":"https:\/\/www.kalelisaft.com\/en\/wp-json\/wp\/v2\/pages\/1241\/revisions\/1933"}],"wp:attachment":[{"href":"https:\/\/www.kalelisaft.com\/en\/wp-json\/wp\/v2\/media?parent=1241"}],"curies":[{"name":"wp","href":"https:\/\/api.w.org\/{rel}","templated":true}]}}